{"id":903,"date":"2021-06-24T10:04:30","date_gmt":"2021-06-24T13:04:30","guid":{"rendered":"https:\/\/editorapanaro.com.br\/site\/?post_type=product&#038;p=903"},"modified":"2023-01-22T10:49:45","modified_gmt":"2023-01-22T13:49:45","slug":"geografia-das-aguas","status":"publish","type":"product","link":"https:\/\/editorapanaro.com.br\/site\/produto\/geografia-das-aguas\/","title":{"rendered":"Geografia das \u00e1guas"},"content":{"rendered":"<p>A presente obra, cole\u00e7\u00e3o de cartilhas Geografia das \u00c1guas: Sociedade e Meio Ambiente em seu segundo volume aborda a \u00e1gua os aspectos do ciclo da \u00e1gua, as bacias hidrogr\u00e1ficas, os rios, lagos, oceanos, mares, a disputa pela \u00e1gua em diferentes continentes, os problemas ambientais e as mudan\u00e7as clim\u00e1tica globais. Tudo como proposta metodol\u00f3gica com fins did\u00e1ticos e direcionada para professores da Educa\u00e7\u00e3o B\u00e1sica, especialmente para o terceiro ciclo do Ensino Fundamental (sexto e s\u00e9timo ano).<\/p>\n<div class=\"_df_book df-lite\" id=\"df_1260\"  data-title=\"geografia-das-aguas\" _slug=\"geografia-das-aguas\" wpoptions=\"true\" thumb=\"https:\/\/editorapanaro.com.br\/site\/wp-content\/uploads\/2021\/06\/v2_geografia_aguas.jpg\" thumbtype=\"bg\" ><p class=\"df-raw-loading\">Please wait while flipbook is loading. For more related info, FAQs and issues please refer to <a href=\"https:\/\/wordpress.org\/plugins\/3d-flipbook-dflip-lite\/#installation\">DearFlip WordPress Flipbook Plugin Help<\/a> documentation.<\/p><\/div><script class=\"df-shortcode-script\" type=\"application\/javascript\">window.option_df_1260 = {\"outline\":[],\"forceFit\":\"true\",\"autoEnableOutline\":\"false\",\"autoEnableThumbnail\":\"false\",\"overwritePDFOutline\":\"false\",\"direction\":\"1\",\"pageSize\":\"0\",\"source\":\"https:\\\/\\\/editorapanaro.com.br\\\/site\\\/wp-content\\\/uploads\\\/2022\\\/03\\\/v2_Geografia_aguas_revisado.pdf\",\"wpOptions\":\"true\"}; if(window.DFLIP && window.DFLIP.parseBooks){window.DFLIP.parseBooks();}<\/script>\n<p><a href=\"https:\/\/drive.google.com\/file\/d\/1vHcbZkfZonvXyb9kNOCRk7n1_yJ1zBVC\/view?usp=sharing\" target=\"_blank\" rel=\"noopener\"><img loading=\"lazy\" decoding=\"async\" class=\"alignnone wp-image-896 size-full\" src=\"https:\/\/editorapanaro.com.br\/site\/wp-content\/uploads\/2021\/05\/img_pdf-e1624537805693.png\" alt=\"\" width=\"151\" height=\"78\" \/><\/a><\/p>\n","protected":false},"excerpt":{"rendered":"<p>A presente obra, cole\u00e7\u00e3o de cartilhas Geografia das \u00c1guas: Sociedade e Meio Ambiente em seu segundo volume aborda a \u00e1gua [&hellip;]<\/p>\n","protected":false},"featured_media":941,"template":"","meta":[],"product_brand":[],"product_cat":[100,47],"product_tag":[],"class_list":{"0":"post-903","1":"product","2":"type-product","3":"status-publish","4":"has-post-thumbnail","6":"product_cat-colecao-geografia-das-aguas","7":"product_cat-didaticos","9":"first","10":"instock","11":"virtual","12":"taxable","13":"product-type-simple"},"_links":{"self":[{"href":"https:\/\/editorapanaro.com.br\/site\/wp-json\/wp\/v2\/product\/903","targetHints":{"allow":["GET"]}}],"collection":[{"href":"https:\/\/editorapanaro.com.br\/site\/wp-json\/wp\/v2\/product"}],"about":[{"href":"https:\/\/editorapanaro.com.br\/site\/wp-json\/wp\/v2\/types\/product"}],"wp:featuredmedia":[{"embeddable":true,"href":"https:\/\/editorapanaro.com.br\/site\/wp-json\/wp\/v2\/media\/941"}],"wp:attachment":[{"href":"https:\/\/editorapanaro.com.br\/site\/wp-json\/wp\/v2\/media?parent=903"}],"wp:term":[{"taxonomy":"product_brand","embeddable":true,"href":"https:\/\/editorapanaro.com.br\/site\/wp-json\/wp\/v2\/product_brand?post=903"},{"taxonomy":"product_cat","embeddable":true,"href":"https:\/\/editorapanaro.com.br\/site\/wp-json\/wp\/v2\/product_cat?post=903"},{"taxonomy":"product_tag","embeddable":true,"href":"https:\/\/editorapanaro.com.br\/site\/wp-json\/wp\/v2\/product_tag?post=903"}],"curies":[{"name":"wp","href":"https:\/\/api.w.org\/{rel}","templated":true}]}}