{"id":882,"date":"2021-05-27T13:02:56","date_gmt":"2021-05-27T16:02:56","guid":{"rendered":"https:\/\/editorapanaro.com.br\/site\/?post_type=product&#038;p=882"},"modified":"2023-01-22T10:48:00","modified_gmt":"2023-01-22T13:48:00","slug":"agua-definicao-conceitos-e-temas","status":"publish","type":"product","link":"https:\/\/editorapanaro.com.br\/site\/produto\/agua-definicao-conceitos-e-temas\/","title":{"rendered":"\u00c1gua: defini\u00e7\u00e3o, conceitos e temas"},"content":{"rendered":"<p>A presente obra, cole\u00e7\u00e3o de cartilhas Geografia das \u00c1guas: Sociedade e Meio Ambiente em seu primeiro volume aborda a \u00e1gua desde sua g\u00eanese, conceitos, import\u00e2ncia, quantidade, distribui\u00e7\u00e3o, at\u00e9 sua rela\u00e7\u00e3o com a sa\u00fade humana e a declara\u00e7\u00e3o universal dos direitos da \u00e1gua. Tudo como proposta metodol\u00f3gica com fins did\u00e1ticos e direcionada para professores da Educa\u00e7\u00e3o B\u00e1sica, especialmente para o terceiro ciclo do Ensino Fundamental (sexto e s\u00e9timo ano).<\/p>\n<div class=\"_df_book df-lite\" id=\"df_1253\"  data-title=\"agua-definicao-conceitos-e-temas\" _slug=\"1253\" wpoptions=\"true\" thumb=\"https:\/\/editorapanaro.com.br\/site\/wp-content\/uploads\/2021\/05\/v1_Agua_definicao.jpg\" thumbtype=\"bg\" ><p class=\"df-raw-loading\">Please wait while flipbook is loading. For more related info, FAQs and issues please refer to <a href=\"https:\/\/wordpress.org\/plugins\/3d-flipbook-dflip-lite\/#installation\">DearFlip WordPress Flipbook Plugin Help<\/a> documentation.<\/p><\/div><script class=\"df-shortcode-script\" type=\"application\/javascript\">window.option_df_1253 = {\"outline\":[],\"forceFit\":\"true\",\"autoEnableOutline\":\"false\",\"autoEnableThumbnail\":\"false\",\"overwritePDFOutline\":\"false\",\"direction\":\"1\",\"pageSize\":\"0\",\"source\":\"https:\\\/\\\/editorapanaro.com.br\\\/site\\\/wp-content\\\/uploads\\\/2022\\\/03\\\/v1_Agua_definicao.pdf\",\"wpOptions\":\"true\"}; if(window.DFLIP && window.DFLIP.parseBooks){window.DFLIP.parseBooks();}<\/script>\n<p><a href=\"https:\/\/drive.google.com\/file\/d\/1qGapCjBt5v5GYx5cAQkWvxySA9mfmBwL\/view?usp=sharing\" target=\"_blank\" rel=\"noopener\"><img loading=\"lazy\" decoding=\"async\" class=\"alignnone wp-image-896 size-full\" src=\"https:\/\/editorapanaro.com.br\/site\/wp-content\/uploads\/2021\/05\/img_pdf-e1624537805693.png\" alt=\"\" width=\"151\" height=\"78\" \/><\/a><\/p>\n","protected":false},"excerpt":{"rendered":"<p>A presente obra, cole\u00e7\u00e3o de cartilhas Geografia das \u00c1guas: Sociedade e Meio Ambiente em seu primeiro volume aborda a \u00e1gua [&hellip;]<\/p>\n","protected":false},"featured_media":943,"template":"","meta":[],"product_brand":[],"product_cat":[100,47],"product_tag":[40,41],"class_list":{"0":"post-882","1":"product","2":"type-product","3":"status-publish","4":"has-post-thumbnail","6":"product_cat-colecao-geografia-das-aguas","7":"product_cat-didaticos","8":"product_tag-agua","9":"product_tag-geografia","11":"first","12":"instock","13":"featured","14":"downloadable","15":"product-type-simple"},"_links":{"self":[{"href":"https:\/\/editorapanaro.com.br\/site\/wp-json\/wp\/v2\/product\/882","targetHints":{"allow":["GET"]}}],"collection":[{"href":"https:\/\/editorapanaro.com.br\/site\/wp-json\/wp\/v2\/product"}],"about":[{"href":"https:\/\/editorapanaro.com.br\/site\/wp-json\/wp\/v2\/types\/product"}],"wp:featuredmedia":[{"embeddable":true,"href":"https:\/\/editorapanaro.com.br\/site\/wp-json\/wp\/v2\/media\/943"}],"wp:attachment":[{"href":"https:\/\/editorapanaro.com.br\/site\/wp-json\/wp\/v2\/media?parent=882"}],"wp:term":[{"taxonomy":"product_brand","embeddable":true,"href":"https:\/\/editorapanaro.com.br\/site\/wp-json\/wp\/v2\/product_brand?post=882"},{"taxonomy":"product_cat","embeddable":true,"href":"https:\/\/editorapanaro.com.br\/site\/wp-json\/wp\/v2\/product_cat?post=882"},{"taxonomy":"product_tag","embeddable":true,"href":"https:\/\/editorapanaro.com.br\/site\/wp-json\/wp\/v2\/product_tag?post=882"}],"curies":[{"name":"wp","href":"https:\/\/api.w.org\/{rel}","templated":true}]}}