{"id":1427,"date":"2025-02-11T09:04:24","date_gmt":"2025-02-11T12:04:24","guid":{"rendered":"https:\/\/editorapanaro.com.br\/site\/?post_type=product&#038;p=1427"},"modified":"2025-02-11T09:28:36","modified_gmt":"2025-02-11T12:28:36","slug":"curso-de-genealogia-na-pratica","status":"publish","type":"product","link":"https:\/\/editorapanaro.com.br\/site\/produto\/curso-de-genealogia-na-pratica\/","title":{"rendered":"Curso de Genealogia na Pr\u00e1tica"},"content":{"rendered":"<p data-start=\"70\" data-end=\"339\"><span style=\"color: #0000ff;\">USE O CUPOM DE DESCONTO COM A CHAVE &#8220;<strong>INICIANTE<\/strong>&#8220;<\/span><\/p>\n<p data-start=\"70\" data-end=\"339\">Aprofunde-se no fascinante universo da genealogia e desvende os segredos da sua ascend\u00eancia! O curso <strong data-start=\"171\" data-end=\"198\">&#8220;Genealogia na Pr\u00e1tica&#8221;<\/strong> oferece um guia completo para quem deseja iniciar ou aprimorar sua pesquisa geneal\u00f3gica com metodologias confi\u00e1veis e t\u00e9cnicas eficientes.<\/p>\n<p data-start=\"341\" data-end=\"676\">Com uma abordagem din\u00e2mica e interdisciplinar, voc\u00ea aprender\u00e1 a:<br data-start=\"405\" data-end=\"408\" \/>\u2705 Construir sua \u00e1rvore geneal\u00f3gica de forma estruturada;<br data-start=\"464\" data-end=\"467\" \/>\u2705 Utilizar fontes hist\u00f3ricas e registros oficiais na investiga\u00e7\u00e3o familiar;<br data-start=\"542\" data-end=\"545\" \/>\u2705 Interpretar documentos antigos;<br data-start=\"607\" data-end=\"610\" \/>\u2705 Aplicar ferramentas digitais para avan\u00e7ar em suas descobertas.<\/p>\n<p data-start=\"678\" data-end=\"839\">Seja por curiosidade, valoriza\u00e7\u00e3o das ra\u00edzes ou pesquisa acad\u00eamica, este curso permitir\u00e1 que voc\u00ea transforme sua genealogia em um legado para futuras gera\u00e7\u00f5es.<\/p>\n<p data-start=\"841\" data-end=\"920\">\ud83d\udcc5 <strong data-start=\"844\" data-end=\"863\">In\u00edcio imediato<\/strong> | \ud83d\udcbb <strong data-start=\"869\" data-end=\"884\">100% online<\/strong> | \ud83d\udcdc <strong data-start=\"890\" data-end=\"918\">Certificado de conclus\u00e3o<\/strong><\/p>\n<p data-start=\"922\" data-end=\"970\" data-is-last-node=\"\">\ud83d\udd0d <strong data-start=\"925\" data-end=\"970\" data-is-last-node=\"\">Descubra sua hist\u00f3ria! Inscreva-se agora.<\/strong><\/p>\n<p data-start=\"922\" data-end=\"970\" data-is-last-node=\"\">Link de acesso:<\/p>\n<p data-start=\"922\" data-end=\"970\" data-is-last-node=\"\"><a href=\"https:\/\/editorapanaro.com.br\/ava\" target=\"_blank\" rel=\"noopener\"><img loading=\"lazy\" decoding=\"async\" class=\"size-full wp-image-1429 alignleft\" src=\"https:\/\/editorapanaro.com.br\/site\/wp-content\/uploads\/2025\/02\/botao_acesso-e1739275422730.jpg\" alt=\"\" width=\"301\" height=\"170\" \/><\/a><\/p>\n","protected":false},"excerpt":{"rendered":"<p>USE O CUPOM DE DESCONTO COM A CHAVE &#8220;INICIANTE&#8220; Aprofunde-se no fascinante universo da genealogia e desvende os segredos da [&hellip;]<\/p>\n","protected":false},"featured_media":1428,"template":"","meta":[],"product_brand":[],"product_cat":[114],"product_tag":[],"class_list":{"0":"post-1427","1":"product","2":"type-product","3":"status-publish","4":"has-post-thumbnail","6":"product_cat-curso","8":"first","9":"instock","10":"virtual","11":"purchasable","12":"product-type-simple"},"_links":{"self":[{"href":"https:\/\/editorapanaro.com.br\/site\/wp-json\/wp\/v2\/product\/1427","targetHints":{"allow":["GET"]}}],"collection":[{"href":"https:\/\/editorapanaro.com.br\/site\/wp-json\/wp\/v2\/product"}],"about":[{"href":"https:\/\/editorapanaro.com.br\/site\/wp-json\/wp\/v2\/types\/product"}],"wp:featuredmedia":[{"embeddable":true,"href":"https:\/\/editorapanaro.com.br\/site\/wp-json\/wp\/v2\/media\/1428"}],"wp:attachment":[{"href":"https:\/\/editorapanaro.com.br\/site\/wp-json\/wp\/v2\/media?parent=1427"}],"wp:term":[{"taxonomy":"product_brand","embeddable":true,"href":"https:\/\/editorapanaro.com.br\/site\/wp-json\/wp\/v2\/product_brand?post=1427"},{"taxonomy":"product_cat","embeddable":true,"href":"https:\/\/editorapanaro.com.br\/site\/wp-json\/wp\/v2\/product_cat?post=1427"},{"taxonomy":"product_tag","embeddable":true,"href":"https:\/\/editorapanaro.com.br\/site\/wp-json\/wp\/v2\/product_tag?post=1427"}],"curies":[{"name":"wp","href":"https:\/\/api.w.org\/{rel}","templated":true}]}}