{"id":1408,"date":"2024-10-21T09:18:03","date_gmt":"2024-10-21T12:18:03","guid":{"rendered":"https:\/\/editorapanaro.com.br\/site\/?post_type=product&#038;p=1408"},"modified":"2024-10-21T13:42:37","modified_gmt":"2024-10-21T16:42:37","slug":"1408","status":"publish","type":"product","link":"https:\/\/editorapanaro.com.br\/site\/produto\/1408\/","title":{"rendered":""},"content":{"rendered":"<p><img loading=\"lazy\" decoding=\"async\" class=\"aligncenter size-full wp-image-1409\" src=\"https:\/\/editorapanaro.com.br\/site\/wp-content\/uploads\/2024\/10\/capa-jorge.jpg\" alt=\"\" width=\"384\" height=\"548\" srcset=\"https:\/\/editorapanaro.com.br\/site\/wp-content\/uploads\/2024\/10\/capa-jorge.jpg 384w, https:\/\/editorapanaro.com.br\/site\/wp-content\/uploads\/2024\/10\/capa-jorge-210x300.jpg 210w\" sizes=\"auto, (max-width: 384px) 100vw, 384px\" \/><\/p>\n","protected":false},"excerpt":{"rendered":"<p>H\u00e1 mundos dentro da gente que nos invadem, nos tornam grandes e ca\u00f3ticos, Marcelo e Alice s\u00e3o jovens<br \/>\nvivendo a grandiosidade de seus mundos, em expans\u00e3o. Enquanto os sentimentos os conhecem, a vida os encontra e desencontra na finitude do tempo. Vivem em busca de um tempo, aquele que ainda n\u00e3o chegou e parece inalcan\u00e7\u00e1vel para uma hist\u00f3ria juntos. Quando o agora os visita, desesperan\u00e7osos, correm para o t\u00fanel do tempo, procuram um ao outro e se encontram nas mem\u00f3rias. Felizes, recobram o sentido da vida, em um amor que os torna joviais, pujantes e aventureiros. Marcados pela infinitude dos dias espelham-se na face rugosa do tempo que ocupa o vazio deixado pelo sil\u00eancio. A jornada espalha as facetas, tingidas de tantas vers\u00f5es poss\u00edveis do eu. S\u00e3o os amantes que est\u00e3o intensamente a viver a vida tal qual o destino, eterno carcereiro, os aprisionou no reflexo um do outro.<\/p>\n","protected":false},"featured_media":1409,"template":"","meta":[],"product_brand":[],"product_cat":[31,60],"product_tag":[],"class_list":{"0":"post-1408","1":"product","2":"type-product","3":"status-publish","4":"has-post-thumbnail","6":"product_cat-livros","7":"product_cat-romance","9":"first","10":"instock","11":"taxable","12":"shipping-taxable","13":"product-type-simple"},"_links":{"self":[{"href":"https:\/\/editorapanaro.com.br\/site\/wp-json\/wp\/v2\/product\/1408","targetHints":{"allow":["GET"]}}],"collection":[{"href":"https:\/\/editorapanaro.com.br\/site\/wp-json\/wp\/v2\/product"}],"about":[{"href":"https:\/\/editorapanaro.com.br\/site\/wp-json\/wp\/v2\/types\/product"}],"wp:featuredmedia":[{"embeddable":true,"href":"https:\/\/editorapanaro.com.br\/site\/wp-json\/wp\/v2\/media\/1409"}],"wp:attachment":[{"href":"https:\/\/editorapanaro.com.br\/site\/wp-json\/wp\/v2\/media?parent=1408"}],"wp:term":[{"taxonomy":"product_brand","embeddable":true,"href":"https:\/\/editorapanaro.com.br\/site\/wp-json\/wp\/v2\/product_brand?post=1408"},{"taxonomy":"product_cat","embeddable":true,"href":"https:\/\/editorapanaro.com.br\/site\/wp-json\/wp\/v2\/product_cat?post=1408"},{"taxonomy":"product_tag","embeddable":true,"href":"https:\/\/editorapanaro.com.br\/site\/wp-json\/wp\/v2\/product_tag?post=1408"}],"curies":[{"name":"wp","href":"https:\/\/api.w.org\/{rel}","templated":true}]}}