{"id":1391,"date":"2023-07-27T09:00:48","date_gmt":"2023-07-27T12:00:48","guid":{"rendered":"https:\/\/editorapanaro.com.br\/site\/?post_type=product&#038;p=1391"},"modified":"2023-07-27T19:17:33","modified_gmt":"2023-07-27T22:17:33","slug":"a-esperanca-danca","status":"publish","type":"product","link":"https:\/\/editorapanaro.com.br\/site\/produto\/a-esperanca-danca\/","title":{"rendered":"A esperan\u00e7a dan\u00e7a"},"content":{"rendered":"<p><span class=\"fontstyle0\">A esperan\u00e7a est\u00e1 na linha t\u00eanue que escapa dos <\/span><span class=\"fontstyle0\">dedos e suaviza de grafite o papel amarelado do tempo. O tempo de crian\u00e7a, das dan\u00e7as, das brincadeiras que o vento levou e, agora, muitas esta\u00e7\u00f5es depois, retoca a face de quem aprecia o movimento dos dias. No aqui-agora a dan\u00e7a \u00e9 de quem se deixa levar pelo balan\u00e7o dos p\u00e1ssaros nos trigais, pelas l\u00e1grimas que desaguam na pele, pelos olhares que se tocam, pela leveza do caminhar. Nesta obra, Anamar Quintana nos convida a ler os versos de uma vida que acontece no amanhecer, quando a aurora se deixa pelos caminhos que perto ou longe levam olhares. A esperan\u00e7a dan\u00e7a celebra a arte de viver e se desenha na po\u00e9tica, se expande dos dias vividos, das olhadelas de final de tarde ou na imensa escurid\u00e3o que ilumina o pirilampo.<\/span><\/p>\n<p style=\"text-align: left;\"><img loading=\"lazy\" decoding=\"async\" class=\"alignleft wp-image-1379 size-medium\" src=\"https:\/\/editorapanaro.com.br\/site\/wp-content\/uploads\/2023\/05\/PIX-1024x363-1-e1687007170370-300x106.png\" alt=\"\" width=\"300\" height=\"106\" srcset=\"https:\/\/editorapanaro.com.br\/site\/wp-content\/uploads\/2023\/05\/PIX-1024x363-1-e1687007170370-300x106.png 300w, https:\/\/editorapanaro.com.br\/site\/wp-content\/uploads\/2023\/05\/PIX-1024x363-1-e1687007170370.png 499w\" sizes=\"auto, (max-width: 300px) 100vw, 300px\" \/>VALOR FIXO: <strong>R$ 48,00<\/strong> (j\u00e1 inclu\u00edda a taxa de entrega)<br \/>\nCHAVE: 41741294000190 (CNPJ)<br \/>\n<img loading=\"lazy\" decoding=\"async\" class=\"wp-image-1393 size-thumbnail alignleft\" src=\"https:\/\/editorapanaro.com.br\/site\/wp-content\/uploads\/2023\/07\/WhatsApp-Image-2023-07-27-at-09.05.32-150x150.jpeg\" alt=\"\" width=\"150\" height=\"150\" srcset=\"https:\/\/editorapanaro.com.br\/site\/wp-content\/uploads\/2023\/07\/WhatsApp-Image-2023-07-27-at-09.05.32-150x150.jpeg 150w, https:\/\/editorapanaro.com.br\/site\/wp-content\/uploads\/2023\/07\/WhatsApp-Image-2023-07-27-at-09.05.32-300x300.jpeg 300w, https:\/\/editorapanaro.com.br\/site\/wp-content\/uploads\/2023\/07\/WhatsApp-Image-2023-07-27-at-09.05.32-768x768.jpeg 768w, https:\/\/editorapanaro.com.br\/site\/wp-content\/uploads\/2023\/07\/WhatsApp-Image-2023-07-27-at-09.05.32-600x600.jpeg 600w, https:\/\/editorapanaro.com.br\/site\/wp-content\/uploads\/2023\/07\/WhatsApp-Image-2023-07-27-at-09.05.32-100x100.jpeg 100w, https:\/\/editorapanaro.com.br\/site\/wp-content\/uploads\/2023\/07\/WhatsApp-Image-2023-07-27-at-09.05.32.jpeg 1000w\" sizes=\"auto, (max-width: 150px) 100vw, 150px\" \/><\/p>\n<p>ou posicione a c\u00e2mera do celular sobre o QR CODE.<\/p>\n","protected":false},"excerpt":{"rendered":"<p>A esperan\u00e7a est\u00e1 na linha t\u00eanue que escapa dos dedos e suaviza de grafite o papel amarelado do tempo. O [&hellip;]<\/p>\n","protected":false},"featured_media":1392,"template":"","meta":[],"product_brand":[],"product_cat":[51],"product_tag":[],"class_list":{"0":"post-1391","1":"product","2":"type-product","3":"status-publish","4":"has-post-thumbnail","6":"product_cat-poesias","8":"first","9":"instock","10":"sold-individually","11":"taxable","12":"shipping-taxable","13":"purchasable","14":"product-type-simple"},"_links":{"self":[{"href":"https:\/\/editorapanaro.com.br\/site\/wp-json\/wp\/v2\/product\/1391","targetHints":{"allow":["GET"]}}],"collection":[{"href":"https:\/\/editorapanaro.com.br\/site\/wp-json\/wp\/v2\/product"}],"about":[{"href":"https:\/\/editorapanaro.com.br\/site\/wp-json\/wp\/v2\/types\/product"}],"wp:featuredmedia":[{"embeddable":true,"href":"https:\/\/editorapanaro.com.br\/site\/wp-json\/wp\/v2\/media\/1392"}],"wp:attachment":[{"href":"https:\/\/editorapanaro.com.br\/site\/wp-json\/wp\/v2\/media?parent=1391"}],"wp:term":[{"taxonomy":"product_brand","embeddable":true,"href":"https:\/\/editorapanaro.com.br\/site\/wp-json\/wp\/v2\/product_brand?post=1391"},{"taxonomy":"product_cat","embeddable":true,"href":"https:\/\/editorapanaro.com.br\/site\/wp-json\/wp\/v2\/product_cat?post=1391"},{"taxonomy":"product_tag","embeddable":true,"href":"https:\/\/editorapanaro.com.br\/site\/wp-json\/wp\/v2\/product_tag?post=1391"}],"curies":[{"name":"wp","href":"https:\/\/api.w.org\/{rel}","templated":true}]}}