{"id":1358,"date":"2023-05-20T14:34:03","date_gmt":"2023-05-20T17:34:03","guid":{"rendered":"https:\/\/editorapanaro.com.br\/site\/?post_type=product&#038;p=1358"},"modified":"2024-10-21T08:55:17","modified_gmt":"2024-10-21T11:55:17","slug":"sobrevivemos-a-uma-pandemia","status":"publish","type":"product","link":"https:\/\/editorapanaro.com.br\/site\/produto\/sobrevivemos-a-uma-pandemia\/","title":{"rendered":"Sobrevivemos a uma pandemia"},"content":{"rendered":"<p><strong>Sobrevivemos a uma pandemia: mem\u00f3rias e viv\u00eancias dos sujeitos da Rede Municipal de Ensino de Santo Augusto-RS<\/strong><br \/>\n<em>\u00a0<span class=\"fontstyle0\">Prefeitura Municipal de Santo Augusto, Secretaria Municipal de Educa\u00e7\u00e3o e Cultura &#8211; SMEC (Org.).<\/span><\/em><\/p>\n<p><strong>DOI<\/strong>: 10.55328\/edpan.978-65-<wbr \/>84794-09-2<\/p>\n<div class=\"_df_book df-lite\" id=\"df_1362\"  data-title=\"sobrevivemos-a-uma-pandemia-smec\" _slug=\"1362\" wpoptions=\"true\" thumb=\"https:\/\/editorapanaro.com.br\/site\/wp-content\/uploads\/2023\/05\/smec_pandemia_capa_site.jpg\" thumbtype=\"bg\" ><p class=\"df-raw-loading\">Please wait while flipbook is loading. For more related info, FAQs and issues please refer to <a href=\"https:\/\/wordpress.org\/plugins\/3d-flipbook-dflip-lite\/#installation\">DearFlip WordPress Flipbook Plugin Help<\/a> documentation.<\/p><\/div><script class=\"df-shortcode-script\" type=\"application\/javascript\">window.option_df_1362 = {\"outline\":[],\"forceFit\":\"true\",\"autoEnableOutline\":\"false\",\"autoEnableThumbnail\":\"false\",\"overwritePDFOutline\":\"false\",\"enableDownload\":\"false\",\"direction\":\"1\",\"pageSize\":\"0\",\"source\":\"https:\\\/\\\/editorapanaro.com.br\\\/site\\\/wp-content\\\/uploads\\\/2023\\\/07\\\/SMEC_PANDEMIA-2ED-REV-AMPL-E-BOOK_FINAL.pdf\",\"wpOptions\":\"true\"}; if(window.DFLIP && window.DFLIP.parseBooks){window.DFLIP.parseBooks();}<\/script>\n<p><span class=\"fontstyle0\">Nos livros de hist\u00f3ria e biologia, a pandemia da Covid-19, estar\u00e1 retratada como parte do passado, pessoas de m\u00e1scara, quarentena, surgimento da vacina, rotinas alteradas, cuidados redobrados com a higiene, medo do cont\u00e1gio, escolas fechadas, aulas remotas, perdas de familiares, amigos, vizinhos e conhecidos. \u201cEste \u00e9 um momento hist\u00f3rico, senhoras e senhores!&#8221; \u00c9 dif\u00edcil n\u00e3o pensar nesta frase diante desta pandemia. O acontecimento, afinal, parou o mundo e <\/span><span class=\"fontstyle0\">marcou os anos 2020 e 2021.<\/span>\u00a0<span class=\"fontstyle0\">A presente obra \u00e9 resultado do projeto \u201cSobrevivemos a uma Pandemia\u201d, promovido pela Secretaria Municipal de Educa\u00e7\u00e3o e Cultura &#8211; SMEC junto \u00e0s escolas da Rede Municipal de Ensino de Santo Augusto-RS, no ano letivo de 2022. O trabalho re\u00fane in\u00fameras produ\u00e7\u00f5es em desenhos e diferentes g\u00eaneros textuais, a qual est\u00e1 dispon\u00edvel para consulta e serve de pesquisa no campo da hist\u00f3ria social<\/span>.<\/p>\n","protected":false},"excerpt":{"rendered":"<p>Sobrevivemos a uma pandemia: mem\u00f3rias e viv\u00eancias dos sujeitos da Rede Municipal de Ensino de Santo Augusto-RS \u00a0Prefeitura Municipal de [&hellip;]<\/p>\n","protected":false},"featured_media":1360,"template":"","meta":[],"product_brand":[],"product_cat":[47,31,103],"product_tag":[],"class_list":{"0":"post-1358","1":"product","2":"type-product","3":"status-publish","4":"has-post-thumbnail","6":"product_cat-didaticos","7":"product_cat-livros","8":"product_cat-paradidaticos","10":"first","11":"outofstock","12":"taxable","13":"shipping-taxable","14":"product-type-simple"},"_links":{"self":[{"href":"https:\/\/editorapanaro.com.br\/site\/wp-json\/wp\/v2\/product\/1358","targetHints":{"allow":["GET"]}}],"collection":[{"href":"https:\/\/editorapanaro.com.br\/site\/wp-json\/wp\/v2\/product"}],"about":[{"href":"https:\/\/editorapanaro.com.br\/site\/wp-json\/wp\/v2\/types\/product"}],"wp:featuredmedia":[{"embeddable":true,"href":"https:\/\/editorapanaro.com.br\/site\/wp-json\/wp\/v2\/media\/1360"}],"wp:attachment":[{"href":"https:\/\/editorapanaro.com.br\/site\/wp-json\/wp\/v2\/media?parent=1358"}],"wp:term":[{"taxonomy":"product_brand","embeddable":true,"href":"https:\/\/editorapanaro.com.br\/site\/wp-json\/wp\/v2\/product_brand?post=1358"},{"taxonomy":"product_cat","embeddable":true,"href":"https:\/\/editorapanaro.com.br\/site\/wp-json\/wp\/v2\/product_cat?post=1358"},{"taxonomy":"product_tag","embeddable":true,"href":"https:\/\/editorapanaro.com.br\/site\/wp-json\/wp\/v2\/product_tag?post=1358"}],"curies":[{"name":"wp","href":"https:\/\/api.w.org\/{rel}","templated":true}]}}