{"id":1343,"date":"2023-01-22T10:26:15","date_gmt":"2023-01-22T13:26:15","guid":{"rendered":"https:\/\/editorapanaro.com.br\/site\/?post_type=product&#038;p=1343"},"modified":"2023-01-22T10:47:36","modified_gmt":"2023-01-22T13:47:36","slug":"aguas-do-brasil-amazonia-e-acre","status":"publish","type":"product","link":"https:\/\/editorapanaro.com.br\/site\/produto\/aguas-do-brasil-amazonia-e-acre\/","title":{"rendered":"\u00c1guas do Brasil, Amaz\u00f4nia e Acre"},"content":{"rendered":"<p>A presente obra, cole\u00e7\u00e3o de cartilhas Geografia das \u00c1guas: Sociedade e Meio ambiente, em seu quarto volume destaca as \u00e1guas do Brasil, adentrando em outras escalas geogr\u00e1ficas como a Regi\u00e3o Amaz\u00f4nica e o\u00a0 estado do Acre. S\u00e3o demonstrados conte\u00fados relacionados \u00e0s bacias hidrogr\u00e1ficas, pluviosidade e quest\u00f5es ambientais que envolvem a \u00e1gua.<\/p>\n<div class=\"_df_book df-lite\" id=\"df_1346\"  data-title=\"aguas-do-brasil-amazonia-e-acre\" _slug=\"1346\" wpoptions=\"true\" thumb=\"https:\/\/editorapanaro.com.br\/site\/wp-content\/uploads\/2023\/01\/v4_capa-site.jpg\" thumbtype=\"bg\" ><p class=\"df-raw-loading\">Please wait while flipbook is loading. For more related info, FAQs and issues please refer to <a href=\"https:\/\/wordpress.org\/plugins\/3d-flipbook-dflip-lite\/#installation\">DearFlip WordPress Flipbook Plugin Help<\/a> documentation.<\/p><\/div><script class=\"df-shortcode-script\" type=\"application\/javascript\">window.option_df_1346 = {\"outline\":[],\"forceFit\":\"true\",\"autoEnableOutline\":\"false\",\"autoEnableThumbnail\":\"false\",\"overwritePDFOutline\":\"false\",\"direction\":\"1\",\"pageSize\":\"0\",\"source\":\"https:\\\/\\\/editorapanaro.com.br\\\/site\\\/wp-content\\\/uploads\\\/2023\\\/01\\\/v4-Aguas-do-Brasil-Amazonia-e-Acre.pdf\",\"wpOptions\":\"true\"}; if(window.DFLIP && window.DFLIP.parseBooks){window.DFLIP.parseBooks();}<\/script>\n<p><a href=\"https:\/\/drive.google.com\/file\/d\/1qF9Bh89gMH2SA9UyY4L9Iir52qmhUNlL\/view?usp=share_link\" target=\"_blank\" rel=\"noopener\"><img loading=\"lazy\" decoding=\"async\" class=\"alignnone wp-image-896 size-full\" src=\"https:\/\/editorapanaro.com.br\/site\/wp-content\/uploads\/2021\/05\/img_pdf-e1624537805693.png\" alt=\"\" width=\"151\" height=\"78\" \/><\/a><\/p>\n","protected":false},"excerpt":{"rendered":"<p>A presente obra, cole\u00e7\u00e3o de cartilhas Geografia das \u00c1guas: Sociedade e Meio ambiente, em seu quarto volume destaca as \u00e1guas [&hellip;]<\/p>\n","protected":false},"featured_media":1345,"template":"","meta":[],"product_brand":[],"product_cat":[100,47],"product_tag":[],"class_list":{"0":"post-1343","1":"product","2":"type-product","3":"status-publish","4":"has-post-thumbnail","6":"product_cat-colecao-geografia-das-aguas","7":"product_cat-didaticos","9":"first","10":"instock","11":"downloadable","12":"taxable","13":"shipping-taxable","14":"product-type-simple"},"_links":{"self":[{"href":"https:\/\/editorapanaro.com.br\/site\/wp-json\/wp\/v2\/product\/1343","targetHints":{"allow":["GET"]}}],"collection":[{"href":"https:\/\/editorapanaro.com.br\/site\/wp-json\/wp\/v2\/product"}],"about":[{"href":"https:\/\/editorapanaro.com.br\/site\/wp-json\/wp\/v2\/types\/product"}],"wp:featuredmedia":[{"embeddable":true,"href":"https:\/\/editorapanaro.com.br\/site\/wp-json\/wp\/v2\/media\/1345"}],"wp:attachment":[{"href":"https:\/\/editorapanaro.com.br\/site\/wp-json\/wp\/v2\/media?parent=1343"}],"wp:term":[{"taxonomy":"product_brand","embeddable":true,"href":"https:\/\/editorapanaro.com.br\/site\/wp-json\/wp\/v2\/product_brand?post=1343"},{"taxonomy":"product_cat","embeddable":true,"href":"https:\/\/editorapanaro.com.br\/site\/wp-json\/wp\/v2\/product_cat?post=1343"},{"taxonomy":"product_tag","embeddable":true,"href":"https:\/\/editorapanaro.com.br\/site\/wp-json\/wp\/v2\/product_tag?post=1343"}],"curies":[{"name":"wp","href":"https:\/\/api.w.org\/{rel}","templated":true}]}}