{"id":1307,"date":"2022-12-08T10:31:02","date_gmt":"2022-12-08T13:31:02","guid":{"rendered":"https:\/\/editorapanaro.com.br\/site\/?post_type=product&#038;p=1307"},"modified":"2024-10-21T08:56:38","modified_gmt":"2024-10-21T11:56:38","slug":"a-republica-do-cortico","status":"publish","type":"product","link":"https:\/\/editorapanaro.com.br\/site\/produto\/a-republica-do-cortico\/","title":{"rendered":"A Rep\u00fablica do corti\u00e7o"},"content":{"rendered":"<p><strong>A Rep\u00fablica do corti\u00e7o<\/strong><\/p>\n<p><em>Eug\u00eanio Borges<\/em><\/p>\n<p>No esquecido mundo nordestino, deu-se o \u00eaxodo das almas produtivas para o chamamento da grande S\u00e3o Paulo, que acenava com promessas de empregos e enriquecimento f\u00e1cil, verdadeiro El Dourado brasileiro dos anos sessenta e setenta. A saga passa-se nos subterr\u00e2neos pauperizados da periferia da cidade. A precariedade do emprego, os trabalhos tempor\u00e1rios, vitimizam uma popula\u00e7\u00e3o j\u00e1 muito empobrecida.<br \/>\nAs rela\u00e7\u00f5es laborais levam ao acirramento da luta de classes, que come\u00e7a a tornar-se not\u00f3ria. A conjuntura pol\u00edtica come\u00e7a dando mais for\u00e7a \u00e0 direita organizada em torno das for\u00e7as armadas e explode num golpe militar, que toma o poder e retira as liberdades de reuni\u00e3o, associa\u00e7\u00e3o e sindical. Come\u00e7am os anos de chumbo no Brasil, com toda a repress\u00e3o militarista t\u00e3o nossa conhecida. O romance A Rep\u00fablica do Corti\u00e7o revive o sofrimento do povo mais oprimido, relembrando o cinquenten\u00e1rio do in\u00edcio daquele regime. Em hist\u00f3rias multifacetadas encontra-se o sonho concretizado de uma minirrep\u00fablica socialista, met\u00e1fora escapat\u00f3ria da realidade, que serviu de abrigo \u00e0s almas perseguidas que moravam num corti\u00e7o<\/p>\n<p><a href=\"https:\/\/drive.google.com\/file\/d\/1hptBsvOaShTamtkXbe84XX8hjuosSdO2\/view?usp=share_link\" rel=\"https:\/\/drive.google.com\/file\/d\/1hptBsvOaShTamtkXbe84XX8hjuosSdO2\/view?usp=share_link\"><img loading=\"lazy\" decoding=\"async\" class=\"alignnone\" src=\"https:\/\/editorapanaro.com.br\/site\/wp-content\/uploads\/2021\/05\/img_pdf-e1624537805693.png\" alt=\"\" width=\"151\" height=\"78\" \/><\/a><\/p>\n","protected":false},"excerpt":{"rendered":"<p>A Rep\u00fablica do corti\u00e7o Eug\u00eanio Borges No esquecido mundo nordestino, deu-se o \u00eaxodo das almas produtivas para o chamamento da [&hellip;]<\/p>\n","protected":false},"featured_media":1309,"template":"","meta":[],"product_brand":[],"product_cat":[60],"product_tag":[],"class_list":{"0":"post-1307","1":"product","2":"type-product","3":"status-publish","4":"has-post-thumbnail","6":"product_cat-romance","8":"first","9":"outofstock","10":"downloadable","11":"product-type-simple"},"_links":{"self":[{"href":"https:\/\/editorapanaro.com.br\/site\/wp-json\/wp\/v2\/product\/1307","targetHints":{"allow":["GET"]}}],"collection":[{"href":"https:\/\/editorapanaro.com.br\/site\/wp-json\/wp\/v2\/product"}],"about":[{"href":"https:\/\/editorapanaro.com.br\/site\/wp-json\/wp\/v2\/types\/product"}],"wp:featuredmedia":[{"embeddable":true,"href":"https:\/\/editorapanaro.com.br\/site\/wp-json\/wp\/v2\/media\/1309"}],"wp:attachment":[{"href":"https:\/\/editorapanaro.com.br\/site\/wp-json\/wp\/v2\/media?parent=1307"}],"wp:term":[{"taxonomy":"product_brand","embeddable":true,"href":"https:\/\/editorapanaro.com.br\/site\/wp-json\/wp\/v2\/product_brand?post=1307"},{"taxonomy":"product_cat","embeddable":true,"href":"https:\/\/editorapanaro.com.br\/site\/wp-json\/wp\/v2\/product_cat?post=1307"},{"taxonomy":"product_tag","embeddable":true,"href":"https:\/\/editorapanaro.com.br\/site\/wp-json\/wp\/v2\/product_tag?post=1307"}],"curies":[{"name":"wp","href":"https:\/\/api.w.org\/{rel}","templated":true}]}}