{"id":1305,"date":"2022-12-08T09:56:17","date_gmt":"2022-12-08T12:56:17","guid":{"rendered":"https:\/\/editorapanaro.com.br\/site\/?post_type=product&#038;p=1305"},"modified":"2022-12-17T21:13:27","modified_gmt":"2022-12-18T00:13:27","slug":"livro-das-origens","status":"publish","type":"product","link":"https:\/\/editorapanaro.com.br\/site\/produto\/livro-das-origens\/","title":{"rendered":"Livro das origens"},"content":{"rendered":"<p>Tanize Tomasi<\/p>\n<p>O \u201cLivro das origens\u201d \u00e9 uma obra coletiva desenvolvida durante o ano letivo de 2022 pela Professora Tanize Tomasi e educandos da Turma 42, com o apoio de familiares e equipe diretiva da EMEF Antonio Liberato, de Santo Augusto-RS. Para a produ\u00e7\u00e3o do livro, os educandos participaram de oficinas liter\u00e1rias, receberam orienta\u00e7\u00e3o para a produ\u00e7\u00e3o textual no g\u00eanero narrativo, al\u00e9m de experenciarem momentos de aprendizagens na revis\u00e3o, digita\u00e7\u00e3o, elabora\u00e7\u00e3o de capa, cria\u00e7\u00e3o de ilustra\u00e7\u00f5es e na roda de conta\u00e7\u00e3o de hist\u00f3rias. O projeto teve como objetivo estimular o registro das narrativas dos educandos e de suas hist\u00f3rias familiares.<\/p>\n<div class=\"_df_book df-lite\" id=\"df_1311\"  data-title=\"tanize-tomasi-livro-das-origens\" _slug=\"1311\" wpoptions=\"true\" thumb=\"https:\/\/editorapanaro.com.br\/site\/wp-content\/uploads\/2022\/12\/LIVRO-DAS-ORIGENS_CAPA.jpg\" thumbtype=\"bg\" ><p class=\"df-raw-loading\">Please wait while flipbook is loading. For more related info, FAQs and issues please refer to <a href=\"https:\/\/wordpress.org\/plugins\/3d-flipbook-dflip-lite\/#installation\">DearFlip WordPress Flipbook Plugin Help<\/a> documentation.<\/p><\/div><script class=\"df-shortcode-script\" type=\"application\/javascript\">window.option_df_1311 = {\"outline\":[],\"forceFit\":\"true\",\"autoEnableOutline\":\"false\",\"autoEnableThumbnail\":\"false\",\"overwritePDFOutline\":\"false\",\"direction\":\"1\",\"pageSize\":\"0\",\"source\":\"https:\\\/\\\/editorapanaro.com.br\\\/site\\\/wp-content\\\/uploads\\\/2022\\\/12\\\/Livro-das-origens-EBOOK.pdf\",\"wpOptions\":\"true\"}; if(window.DFLIP && window.DFLIP.parseBooks){window.DFLIP.parseBooks();}<\/script>\n","protected":false},"excerpt":{"rendered":"<p>Tanize Tomasi O \u201cLivro das origens\u201d \u00e9 uma obra coletiva desenvolvida durante o ano letivo de 2022 pela Professora Tanize [&hellip;]<\/p>\n","protected":false},"featured_media":1316,"template":"","meta":[],"product_brand":[],"product_cat":[53],"product_tag":[],"class_list":{"0":"post-1305","1":"product","2":"type-product","3":"status-publish","4":"has-post-thumbnail","6":"product_cat-infanto-juvenil","8":"first","9":"instock","10":"downloadable","11":"product-type-simple"},"_links":{"self":[{"href":"https:\/\/editorapanaro.com.br\/site\/wp-json\/wp\/v2\/product\/1305","targetHints":{"allow":["GET"]}}],"collection":[{"href":"https:\/\/editorapanaro.com.br\/site\/wp-json\/wp\/v2\/product"}],"about":[{"href":"https:\/\/editorapanaro.com.br\/site\/wp-json\/wp\/v2\/types\/product"}],"wp:featuredmedia":[{"embeddable":true,"href":"https:\/\/editorapanaro.com.br\/site\/wp-json\/wp\/v2\/media\/1316"}],"wp:attachment":[{"href":"https:\/\/editorapanaro.com.br\/site\/wp-json\/wp\/v2\/media?parent=1305"}],"wp:term":[{"taxonomy":"product_brand","embeddable":true,"href":"https:\/\/editorapanaro.com.br\/site\/wp-json\/wp\/v2\/product_brand?post=1305"},{"taxonomy":"product_cat","embeddable":true,"href":"https:\/\/editorapanaro.com.br\/site\/wp-json\/wp\/v2\/product_cat?post=1305"},{"taxonomy":"product_tag","embeddable":true,"href":"https:\/\/editorapanaro.com.br\/site\/wp-json\/wp\/v2\/product_tag?post=1305"}],"curies":[{"name":"wp","href":"https:\/\/api.w.org\/{rel}","templated":true}]}}