{"id":1300,"date":"2022-11-22T22:09:26","date_gmt":"2022-11-23T01:09:26","guid":{"rendered":"https:\/\/editorapanaro.com.br\/site\/?post_type=product&#038;p=1300"},"modified":"2022-12-08T09:56:05","modified_gmt":"2022-12-08T12:56:05","slug":"territorialidades-ecologicas","status":"publish","type":"product","link":"https:\/\/editorapanaro.com.br\/site\/produto\/territorialidades-ecologicas\/","title":{"rendered":"Territorialidades ecol\u00f3gicas"},"content":{"rendered":"<p><strong><span class=\"fontstyle0\">Territorialidades ecol\u00f3gicas, autonomia socioambiental e desenvolvimento local: experi\u00eancias de um n\u00facleo de estudos e capacita\u00e7\u00e3o sociot\u00e9cnica em agroecologia<\/span><\/strong><\/p>\n<p><em>Nicolas Floriani, Dimas Floriani (orgs.)<\/em><\/p>\n<p>O livro sintetiza os esfor\u00e7os de tr\u00eas anos de pesquisa e extens\u00e3o traduzidos em cap\u00edtulos que tratam das experi\u00eancias acad\u00eamicas de discentes do Grupo de Pesquisa Interconex\u00f5es: saberes, pr\u00e1ticas e pol\u00edticas de natureza e docentes colaboradores do PPGEO-UEPG, UFPR-Litoral, IFPR-Paranagu\u00e1, MADE-UFPR, UNICENTRO-Irati e IFPR-Tel\u00eamaco Borba. Destaca-se que esse coletivo tamb\u00e9m integra o Programa de pesquisa e extens\u00e3o Unitinerante: Universidade Itinerante pelos Direitos Humanos, da Natureza, Pela Paz e Bem Viver. E<span class=\"fontstyle0\">ssa colet\u00e2nea sintetiza em termos cient\u00edficos as a\u00e7\u00f5es do NEA que buscou compreender em que medida a extens\u00e3o e pesquisa em Agroecologia pode servir de dispositivo promotor de autonomias socioambientais em comunidades rurais tradicionais, isto \u00e9, que<br \/>\ndimens\u00f5es (tecnol\u00f3gicas, organizacionais e simb\u00f3licas) desse modelo produtivo alternativo poderiam mobilizar capacidades socioecol\u00f3gicas (patrim\u00f4nio biocultural) de territ\u00f3rios\/estabelecimentos familiares para produzir alternativas locais de\/ao desenvolvimento rural.<\/span><\/p>\n<p><a href=\"https:\/\/drive.google.com\/file\/d\/1hTbQvnS27Pf1htliwV9dQjYfKk_1R5kh\/view?usp=share_link\" rel=\"https:\/\/drive.google.com\/file\/d\/1hTbQvnS27Pf1htliwV9dQjYfKk_1R5kh\/view?usp=share_link\"><img loading=\"lazy\" decoding=\"async\" class=\"alignnone wp-image-896 size-full\" src=\"https:\/\/editorapanaro.com.br\/site\/wp-content\/uploads\/2021\/05\/img_pdf-e1624537805693.png\" alt=\"\" width=\"151\" height=\"78\" \/><\/a><\/p>\n","protected":false},"excerpt":{"rendered":"<p>Territorialidades ecol\u00f3gicas, autonomia socioambiental e desenvolvimento local: experi\u00eancias de um n\u00facleo de estudos e capacita\u00e7\u00e3o sociot\u00e9cnica em agroecologia Nicolas Floriani, [&hellip;]<\/p>\n","protected":false},"featured_media":1302,"template":"","meta":[],"product_brand":[],"product_cat":[61],"product_tag":[],"class_list":{"0":"post-1300","1":"product","2":"type-product","3":"status-publish","4":"has-post-thumbnail","6":"product_cat-cientificos","8":"first","9":"instock","10":"downloadable","11":"taxable","12":"shipping-taxable","13":"product-type-simple"},"_links":{"self":[{"href":"https:\/\/editorapanaro.com.br\/site\/wp-json\/wp\/v2\/product\/1300","targetHints":{"allow":["GET"]}}],"collection":[{"href":"https:\/\/editorapanaro.com.br\/site\/wp-json\/wp\/v2\/product"}],"about":[{"href":"https:\/\/editorapanaro.com.br\/site\/wp-json\/wp\/v2\/types\/product"}],"wp:featuredmedia":[{"embeddable":true,"href":"https:\/\/editorapanaro.com.br\/site\/wp-json\/wp\/v2\/media\/1302"}],"wp:attachment":[{"href":"https:\/\/editorapanaro.com.br\/site\/wp-json\/wp\/v2\/media?parent=1300"}],"wp:term":[{"taxonomy":"product_brand","embeddable":true,"href":"https:\/\/editorapanaro.com.br\/site\/wp-json\/wp\/v2\/product_brand?post=1300"},{"taxonomy":"product_cat","embeddable":true,"href":"https:\/\/editorapanaro.com.br\/site\/wp-json\/wp\/v2\/product_cat?post=1300"},{"taxonomy":"product_tag","embeddable":true,"href":"https:\/\/editorapanaro.com.br\/site\/wp-json\/wp\/v2\/product_tag?post=1300"}],"curies":[{"name":"wp","href":"https:\/\/api.w.org\/{rel}","templated":true}]}}