{"id":1222,"date":"2021-12-13T10:48:24","date_gmt":"2021-12-13T13:48:24","guid":{"rendered":"https:\/\/editorapanaro.com.br\/site\/?post_type=product&#038;p=1222"},"modified":"2021-12-13T13:26:25","modified_gmt":"2021-12-13T16:26:25","slug":"no-caminho-das-pedras","status":"publish","type":"product","link":"https:\/\/editorapanaro.com.br\/site\/produto\/no-caminho-das-pedras\/","title":{"rendered":"No caminho das pedras"},"content":{"rendered":"","protected":false},"excerpt":{"rendered":"<p>O livro <strong>&#8220;No caminho das pedras&#8221; <\/strong>\u00e9 o romance do escritor paulista Ageu Vaz de Moraes. Na obra o escritor reaviva as mem\u00f3rias da inf\u00e2ncia na Vila de Baltar e revela personagens t\u00e3o marcantes e \u00e1vidos quanto as viv\u00eancias que ele e sua fam\u00edlia compartilham neste lugar. O romance ambienta-se em uma vila oper\u00e1ria, nos arredores de uma grande ind\u00fastria de extra\u00e7\u00e3o mineral. O cotidiano dos moradores apresenta ao p\u00fablico leitor os contrastes hist\u00f3rico-regionais.<\/p>\n","protected":false},"featured_media":1223,"template":"","meta":[],"product_brand":[],"product_cat":[31,60],"product_tag":[],"class_list":{"0":"post-1222","1":"product","2":"type-product","3":"status-publish","4":"has-post-thumbnail","6":"product_cat-livros","7":"product_cat-romance","9":"first","10":"outofstock","11":"taxable","12":"shipping-taxable","13":"product-type-simple"},"_links":{"self":[{"href":"https:\/\/editorapanaro.com.br\/site\/wp-json\/wp\/v2\/product\/1222","targetHints":{"allow":["GET"]}}],"collection":[{"href":"https:\/\/editorapanaro.com.br\/site\/wp-json\/wp\/v2\/product"}],"about":[{"href":"https:\/\/editorapanaro.com.br\/site\/wp-json\/wp\/v2\/types\/product"}],"wp:featuredmedia":[{"embeddable":true,"href":"https:\/\/editorapanaro.com.br\/site\/wp-json\/wp\/v2\/media\/1223"}],"wp:attachment":[{"href":"https:\/\/editorapanaro.com.br\/site\/wp-json\/wp\/v2\/media?parent=1222"}],"wp:term":[{"taxonomy":"product_brand","embeddable":true,"href":"https:\/\/editorapanaro.com.br\/site\/wp-json\/wp\/v2\/product_brand?post=1222"},{"taxonomy":"product_cat","embeddable":true,"href":"https:\/\/editorapanaro.com.br\/site\/wp-json\/wp\/v2\/product_cat?post=1222"},{"taxonomy":"product_tag","embeddable":true,"href":"https:\/\/editorapanaro.com.br\/site\/wp-json\/wp\/v2\/product_tag?post=1222"}],"curies":[{"name":"wp","href":"https:\/\/api.w.org\/{rel}","templated":true}]}}