{"id":1186,"date":"2021-10-12T10:13:21","date_gmt":"2021-10-12T13:13:21","guid":{"rendered":"https:\/\/editorapanaro.com.br\/site\/?post_type=product&#038;p=1186"},"modified":"2021-10-12T10:19:07","modified_gmt":"2021-10-12T13:19:07","slug":"retratos-de-mariana","status":"publish","type":"product","link":"https:\/\/editorapanaro.com.br\/site\/produto\/retratos-de-mariana\/","title":{"rendered":"Retratos de Mariana"},"content":{"rendered":"","protected":false},"excerpt":{"rendered":"<p>&#8220;Retratos de Mariana&#8221; \u00e9 uma hist\u00f3ria que nasceu do olhar minucioso e da profunda inter-rela\u00e7\u00e3o da autora com o meio ambiente. Mariana passeia nesse lugar cheio de belezas, onde at\u00e9 o gramado floresce. V\u00ea &#8216;retratos&#8217; t\u00e3o deslumbrantes, que n\u00e3o resiste:<strong> &#8220;Quer passear comigo?&#8221;<\/strong><\/p>\n","protected":false},"featured_media":1187,"template":"","meta":[],"product_brand":[],"product_cat":[53],"product_tag":[],"class_list":{"0":"post-1186","1":"product","2":"type-product","3":"status-publish","4":"has-post-thumbnail","6":"product_cat-infanto-juvenil","8":"first","9":"instock","10":"taxable","11":"shipping-taxable","12":"product-type-simple"},"_links":{"self":[{"href":"https:\/\/editorapanaro.com.br\/site\/wp-json\/wp\/v2\/product\/1186","targetHints":{"allow":["GET"]}}],"collection":[{"href":"https:\/\/editorapanaro.com.br\/site\/wp-json\/wp\/v2\/product"}],"about":[{"href":"https:\/\/editorapanaro.com.br\/site\/wp-json\/wp\/v2\/types\/product"}],"wp:featuredmedia":[{"embeddable":true,"href":"https:\/\/editorapanaro.com.br\/site\/wp-json\/wp\/v2\/media\/1187"}],"wp:attachment":[{"href":"https:\/\/editorapanaro.com.br\/site\/wp-json\/wp\/v2\/media?parent=1186"}],"wp:term":[{"taxonomy":"product_brand","embeddable":true,"href":"https:\/\/editorapanaro.com.br\/site\/wp-json\/wp\/v2\/product_brand?post=1186"},{"taxonomy":"product_cat","embeddable":true,"href":"https:\/\/editorapanaro.com.br\/site\/wp-json\/wp\/v2\/product_cat?post=1186"},{"taxonomy":"product_tag","embeddable":true,"href":"https:\/\/editorapanaro.com.br\/site\/wp-json\/wp\/v2\/product_tag?post=1186"}],"curies":[{"name":"wp","href":"https:\/\/api.w.org\/{rel}","templated":true}]}}