{"id":1142,"date":"2021-09-29T19:35:13","date_gmt":"2021-09-29T22:35:13","guid":{"rendered":"https:\/\/editorapanaro.com.br\/site\/?post_type=product&#038;p=1142"},"modified":"2022-03-22T15:30:18","modified_gmt":"2022-03-22T18:30:18","slug":"abotoaduras-de-balbina","status":"publish","type":"product","link":"https:\/\/editorapanaro.com.br\/site\/produto\/abotoaduras-de-balbina\/","title":{"rendered":"Abotoaduras de Balbina"},"content":{"rendered":"<p>&#8216;Abotoaduras de Balbina&#8217; \u00e9 um romance que narra a hist\u00f3ria da fam\u00edlia Hyppolito, tendo como cen\u00e1rio os conflitos, o cotidiano e a marcha do n\u00facleo familiar para o noroeste do Rio Grande do Sul, desde meados do s\u00e9culo XIX. Ao mesmo tempo que Balbina realiza suas benzeduras, constr\u00f3i saberes e conta causos nas margens do rio Uruguai, convive com os ribeirinhos, as cheias, a seca e fragmentos guardados em suas abotoaduras.<\/p>\n","protected":false},"excerpt":{"rendered":"<p>&#8216;Abotoaduras de Balbina&#8217; \u00e9 um romance que narra a hist\u00f3ria da fam\u00edlia Hyppolito, tendo como cen\u00e1rio os conflitos, o cotidiano [&hellip;]<\/p>\n","protected":false},"featured_media":1269,"template":"","meta":[],"product_brand":[],"product_cat":[60],"product_tag":[],"class_list":{"0":"post-1142","1":"product","2":"type-product","3":"status-publish","4":"has-post-thumbnail","6":"product_cat-romance","8":"first","9":"instock","10":"sold-individually","11":"taxable","12":"shipping-taxable","13":"purchasable","14":"product-type-simple"},"_links":{"self":[{"href":"https:\/\/editorapanaro.com.br\/site\/wp-json\/wp\/v2\/product\/1142","targetHints":{"allow":["GET"]}}],"collection":[{"href":"https:\/\/editorapanaro.com.br\/site\/wp-json\/wp\/v2\/product"}],"about":[{"href":"https:\/\/editorapanaro.com.br\/site\/wp-json\/wp\/v2\/types\/product"}],"wp:featuredmedia":[{"embeddable":true,"href":"https:\/\/editorapanaro.com.br\/site\/wp-json\/wp\/v2\/media\/1269"}],"wp:attachment":[{"href":"https:\/\/editorapanaro.com.br\/site\/wp-json\/wp\/v2\/media?parent=1142"}],"wp:term":[{"taxonomy":"product_brand","embeddable":true,"href":"https:\/\/editorapanaro.com.br\/site\/wp-json\/wp\/v2\/product_brand?post=1142"},{"taxonomy":"product_cat","embeddable":true,"href":"https:\/\/editorapanaro.com.br\/site\/wp-json\/wp\/v2\/product_cat?post=1142"},{"taxonomy":"product_tag","embeddable":true,"href":"https:\/\/editorapanaro.com.br\/site\/wp-json\/wp\/v2\/product_tag?post=1142"}],"curies":[{"name":"wp","href":"https:\/\/api.w.org\/{rel}","templated":true}]}}