{"id":996,"date":"2021-07-09T18:46:06","date_gmt":"2021-07-09T21:46:06","guid":{"rendered":"https:\/\/editorapanaro.com.br\/site\/?page_id=996"},"modified":"2021-07-11T21:59:44","modified_gmt":"2021-07-12T00:59:44","slug":"orcamento","status":"publish","type":"page","link":"https:\/\/editorapanaro.com.br\/site\/orcamento\/","title":{"rendered":"\u261b Fa\u00e7a um or\u00e7amento"},"content":{"rendered":"<div role=\"form\" class=\"wpcf7\" id=\"wpcf7-f995-o1\" lang=\"pt-BR\" dir=\"ltr\">\n<div class=\"screen-reader-response\"><p role=\"status\" aria-live=\"polite\" aria-atomic=\"true\"><\/p> <ul><\/ul><\/div>\n<form action=\"\/site\/wp-json\/wp\/v2\/pages\/996#wpcf7-f995-o1\" method=\"post\" class=\"wpcf7-form init\" enctype=\"multipart\/form-data\" novalidate=\"novalidate\" data-status=\"init\">\n<div style=\"display: none;\">\n<input type=\"hidden\" name=\"_wpcf7\" value=\"995\" \/>\n<input type=\"hidden\" name=\"_wpcf7_version\" value=\"5.4.1\" \/>\n<input type=\"hidden\" name=\"_wpcf7_locale\" value=\"pt_BR\" \/>\n<input type=\"hidden\" name=\"_wpcf7_unit_tag\" value=\"wpcf7-f995-o1\" \/>\n<input type=\"hidden\" name=\"_wpcf7_container_post\" value=\"0\" \/>\n<input type=\"hidden\" name=\"_wpcf7_posted_data_hash\" value=\"\" \/>\n<input type=\"hidden\" name=\"_wpcf7cf_hidden_group_fields\" value=\"\" \/>\n<input type=\"hidden\" name=\"_wpcf7cf_hidden_groups\" value=\"\" \/>\n<input type=\"hidden\" name=\"_wpcf7cf_visible_groups\" value=\"\" \/>\n<input type=\"hidden\" name=\"_wpcf7cf_repeaters\" value=\"[]\" \/>\n<input type=\"hidden\" name=\"_wpcf7cf_steps\" value=\"{}\" \/>\n<input type=\"hidden\" name=\"_wpcf7cf_options\" value=\"{&quot;form_id&quot;:995,&quot;conditions&quot;:[{&quot;then_field&quot;:&quot;Orcamento&quot;,&quot;and_rules&quot;:[{&quot;if_field&quot;:&quot;assunto&quot;,&quot;operator&quot;:&quot;equals&quot;,&quot;if_value&quot;:&quot;Or\\u00e7amento&quot;}]},{&quot;then_field&quot;:&quot;contato&quot;,&quot;and_rules&quot;:[{&quot;if_field&quot;:&quot;assunto&quot;,&quot;operator&quot;:&quot;equals&quot;,&quot;if_value&quot;:&quot;Contato&quot;}]}],&quot;settings&quot;:{&quot;animation&quot;:&quot;yes&quot;,&quot;animation_intime&quot;:200,&quot;animation_outtime&quot;:200,&quot;conditions_ui&quot;:&quot;normal&quot;,&quot;notice_dismissed&quot;:true}}\" \/>\n<input type=\"hidden\" name=\"_wpcf7_recaptcha_response\" value=\"\" \/>\n<\/div>\n<p><label> <strong> Assunto (escolha or\u00e7amento para enviar sua obra) <\/strong><\/label><br \/>\n    <span class=\"wpcf7-form-control-wrap assunto\"><span class=\"wpcf7-form-control wpcf7-checkbox wpcf7-exclusive-checkbox\"><span class=\"wpcf7-list-item first\"><input type=\"checkbox\" name=\"assunto\" value=\"Contato\" \/><span class=\"wpcf7-list-item-label\">Contato<\/span><\/span><span class=\"wpcf7-list-item last\"><input type=\"checkbox\" name=\"assunto\" value=\"Or\u00e7amento\" \/><span class=\"wpcf7-list-item-label\">Or\u00e7amento<\/span><\/span><\/span><\/span><\/p>\n<p><label> <strong> Nome <\/strong><\/label><br \/>\n    <span class=\"wpcf7-form-control-wrap nome\"><input type=\"text\" name=\"nome\" value=\"\" size=\"40\" class=\"wpcf7-form-control wpcf7-text wpcf7-validates-as-required\" aria-required=\"true\" aria-invalid=\"false\" placeholder=\"Insira seu nome\" \/><\/span> <\/p>\n<p><label> <strong> N\u00famero para contato <\/strong> <img loading=\"lazy\" decoding=\"async\" class=\"alignnone size-full wp-image-1010\" src=\"https:\/\/editorapanaro.com.br\/site\/wp-content\/uploads\/2021\/07\/whatsapp20X20.png\" alt=\"\" width=\"20\" height=\"20\" \/><\/label><br \/>\n    <span class=\"wpcf7-form-control-wrap telefone\"><input type=\"tel\" name=\"telefone\" value=\"\" class=\"wpcf7-form-control wpcf7mf-mask wpcf7-mask wpcf7-validates-as-required\" size=\"40\" aria-required=\"1\" placeholder=\"(__) _____-____\" data-mask=\"(__) _____-____\" \/><\/span> <\/p>\n<p><label> <strong> E-mail <\/strong><\/label><br \/>\n    <span class=\"wpcf7-form-control-wrap email\"><input type=\"email\" name=\"email\" value=\"\" size=\"40\" class=\"wpcf7-form-control wpcf7-text wpcf7-email wpcf7-validates-as-required wpcf7-validates-as-email\" aria-required=\"true\" aria-invalid=\"false\" placeholder=\"E-mail\" \/><\/span><\/p>\n<div data-id=\"contato\" data-orig_data_id=\"contato\" data-clear_on_hide data-class=\"wpcf7cf_group\">\n<label> <strong> Mensagem <\/strong> <\/label><br \/>\n    <span class=\"wpcf7-form-control-wrap mensagem\"><textarea name=\"mensagem\" cols=\"40\" rows=\"10\" class=\"wpcf7-form-control wpcf7-textarea wpcf7-validates-as-required\" aria-required=\"true\" aria-invalid=\"false\" placeholder=\"Escreva sua mensagem\"><\/textarea><\/span>\n<\/div>\n<div data-id=\"Orcamento\" data-orig_data_id=\"Orcamento\" data-clear_on_hide data-class=\"wpcf7cf_group\">\n<label> <strong> <strong> T\u00edtulo da obra <\/strong><\/label><br \/>\n    <span class=\"wpcf7-form-control-wrap titulo\"><input type=\"text\" name=\"titulo\" value=\"\" size=\"40\" class=\"wpcf7-form-control wpcf7-text wpcf7-validates-as-required\" aria-required=\"true\" aria-invalid=\"false\" placeholder=\"T\u00edtulo da obra\" \/><\/span> <\/p>\n<p><label> <strong> G\u00eanero <\/strong><\/label><br \/>\n    <span class=\"wpcf7-form-control-wrap genero\"><span class=\"wpcf7-form-control wpcf7-checkbox wpcf7-validates-as-required wpcf7-exclusive-checkbox\"><span class=\"wpcf7-list-item first\"><input type=\"checkbox\" name=\"genero\" value=\"Romance\" \/><span class=\"wpcf7-list-item-label\">Romance<\/span><\/span><span class=\"wpcf7-list-item\"><input type=\"checkbox\" name=\"genero\" value=\"Poesia\" \/><span class=\"wpcf7-list-item-label\">Poesia<\/span><\/span><span class=\"wpcf7-list-item\"><input type=\"checkbox\" name=\"genero\" value=\"Conto\/cr\u00f4nica\" \/><span class=\"wpcf7-list-item-label\">Conto\/cr\u00f4nica<\/span><\/span><span class=\"wpcf7-list-item\"><input type=\"checkbox\" name=\"genero\" value=\"Acad\u00eamico\/cient\u00edfico\" \/><span class=\"wpcf7-list-item-label\">Acad\u00eamico\/cient\u00edfico<\/span><\/span><span class=\"wpcf7-list-item last\"><input type=\"checkbox\" name=\"genero\" value=\"Outro\" \/><span class=\"wpcf7-list-item-label\">Outro<\/span><\/span><\/span><\/span> <\/p>\n<p><label> <strong> Formato <\/strong><\/label><br \/>\n    <span class=\"wpcf7-form-control-wrap formato\"><span class=\"wpcf7-form-control wpcf7-checkbox wpcf7-validates-as-required\"><span class=\"wpcf7-list-item first\"><input type=\"checkbox\" name=\"formato[]\" value=\"Impresso\" \/><span class=\"wpcf7-list-item-label\">Impresso<\/span><\/span><span class=\"wpcf7-list-item last\"><input type=\"checkbox\" name=\"formato[]\" value=\"digital\" \/><span class=\"wpcf7-list-item-label\">digital<\/span><\/span><\/span><\/span> <\/p>\n<p><label> <strong> Envie o arquivo da obra (em *.pdf ou *.doc, com no m\u00e1ximo 5 megabites) <\/strong><\/label><br \/>\n    <span class=\"wpcf7-form-control-wrap arquivo\"><input type=\"file\" name=\"arquivo\" size=\"40\" class=\"wpcf7-form-control wpcf7-file\" accept=\".doc,.docx,.txt,.pdf\" aria-invalid=\"false\" \/><\/span> <\/p>\n<p><label> <strong> Outras considera\u00e7\u00f5es que achar necess\u00e1rio<\/strong><\/label><br \/>\n    <span class=\"wpcf7-form-control-wrap info\"><textarea name=\"info\" cols=\"40\" rows=\"10\" class=\"wpcf7-form-control wpcf7-textarea\" aria-invalid=\"false\" placeholder=\"Insira dados sobre a obra como tamanho, n\u00famero de p\u00e1ginas e outras informa\u00e7\u00f5es que achar relevante\"><\/textarea><\/span>\n<\/div>\n<p><input type=\"submit\" value=\"Enviar\" class=\"wpcf7-form-control wpcf7-submit\" \/><\/p>\n<div class=\"wpcf7-response-output\" aria-hidden=\"true\"><\/div><\/form><\/div>\n","protected":false},"excerpt":{"rendered":"","protected":false},"author":2,"featured_media":0,"parent":0,"menu_order":0,"comment_status":"closed","ping_status":"closed","template":"","meta":{"footnotes":""},"class_list":["post-996","page","type-page","status-publish","hentry"],"_links":{"self":[{"href":"https:\/\/editorapanaro.com.br\/site\/wp-json\/wp\/v2\/pages\/996","targetHints":{"allow":["GET"]}}],"collection":[{"href":"https:\/\/editorapanaro.com.br\/site\/wp-json\/wp\/v2\/pages"}],"about":[{"href":"https:\/\/editorapanaro.com.br\/site\/wp-json\/wp\/v2\/types\/page"}],"author":[{"embeddable":true,"href":"https:\/\/editorapanaro.com.br\/site\/wp-json\/wp\/v2\/users\/2"}],"replies":[{"embeddable":true,"href":"https:\/\/editorapanaro.com.br\/site\/wp-json\/wp\/v2\/comments?post=996"}],"version-history":[{"count":3,"href":"https:\/\/editorapanaro.com.br\/site\/wp-json\/wp\/v2\/pages\/996\/revisions"}],"predecessor-version":[{"id":1064,"href":"https:\/\/editorapanaro.com.br\/site\/wp-json\/wp\/v2\/pages\/996\/revisions\/1064"}],"wp:attachment":[{"href":"https:\/\/editorapanaro.com.br\/site\/wp-json\/wp\/v2\/media?parent=996"}],"curies":[{"name":"wp","href":"https:\/\/api.w.org\/{rel}","templated":true}]}}