{"id":812,"date":"2021-05-22T17:26:03","date_gmt":"2021-05-22T20:26:03","guid":{"rendered":"https:\/\/editorapanaro.com.br\/site\/?page_id=812"},"modified":"2022-03-25T08:50:10","modified_gmt":"2022-03-25T11:50:10","slug":"politica-editorial","status":"publish","type":"page","link":"https:\/\/editorapanaro.com.br\/site\/politica-editorial\/","title":{"rendered":"Pol\u00edtica Editorial"},"content":{"rendered":"<p>As obras editadas pela <strong>Editora Panaro<\/strong> adotam crit\u00e9rios definidos pelo seu Conselho Editorial. A experi\u00eancia dos editores, tanto no meio acad\u00eamico como no mundo liter\u00e1rio, proporciona oferecer suporte personalizado ao autor desde o projeto gr\u00e1fico at\u00e9 o lan\u00e7amento da obra.<\/p>\n<p><b>Linha Editorial<\/b><\/p>\n<p>A <strong>Editora Panaro<\/strong> privilegia a publica\u00e7\u00e3o de obras nos diversos g\u00eaneros liter\u00e1rios como romances, contos, poemas, cr\u00f4nicas e literatura infantil. Para que o conte\u00fado de uma disserta\u00e7\u00e3o ou tese possa ser publicado, \u00e9 necess\u00e1rio que o texto seja reformulado e adequado ao formato de livro, com especial observa\u00e7\u00e3o a alguns aspectos espec\u00edficos, como t\u00edtulo, linguagem e defini\u00e7\u00e3o do p\u00fablico que pretende atingir. S\u00e3o alguns diferenciais:<\/p>\n<ul>\n<li>Conselho Editorial.<\/li>\n<li>ISBN (International Standard Book Number) com c\u00f3digo de barras &#8211; \u00e9 um sistema que identifica numericamente os livros de acordo com o t\u00edtulo, o autor, o pa\u00eds e a editora, individualizando-os inclusive por edi\u00e7\u00e3o.<\/li>\n<li>DOI (<em>digital object identifier) &#8211; <\/em>Registro de identificadores de objetos digitais no CrossRef para livros e cap\u00edtulos de livros cient\u00edficos.<\/li>\n<li>Ficha catalogr\u00e1fica.<\/li>\n<li>Parcerias de publica\u00e7\u00e3o com outras Editoras.<\/li>\n<li>Publica\u00e7\u00f5es de tradu\u00e7\u00f5es.<\/li>\n<li>Projeto gr\u00e1fico, diagrama\u00e7\u00e3o e capa de acordo com crit\u00e9rios estabelecidos em parceria com o autor.<\/li>\n<li>Ilustra\u00e7\u00f5es (capa e miolo do livro).<\/li>\n<li>Oferta de Revis\u00e3o Ortogr\u00e1fica e Gramatical.<\/li>\n<li>Prova digital e impressa.<\/li>\n<li>Impress\u00e3o sob demanda.<\/li>\n<li>Divulga\u00e7\u00e3o na Fanpage e no cat\u00e1logo de publica\u00e7\u00f5es no site da Editora.<\/li>\n<li>Venda no site da Editora e em <em>marketplace<\/em> parceiros: Americanas, Submarino e Shoptime.<\/li>\n<\/ul><p><\/p>","protected":false},"excerpt":{"rendered":"<p>As obras editadas pela Editora Panaro adotam crit\u00e9rios definidos pelo seu Conselho Editorial. A experi\u00eancia dos editores, tanto no meio [&hellip;]<\/p>\n","protected":false},"author":2,"featured_media":0,"parent":0,"menu_order":0,"comment_status":"closed","ping_status":"closed","template":"","meta":{"footnotes":""},"class_list":["post-812","page","type-page","status-publish","hentry"],"_links":{"self":[{"href":"https:\/\/editorapanaro.com.br\/site\/wp-json\/wp\/v2\/pages\/812","targetHints":{"allow":["GET"]}}],"collection":[{"href":"https:\/\/editorapanaro.com.br\/site\/wp-json\/wp\/v2\/pages"}],"about":[{"href":"https:\/\/editorapanaro.com.br\/site\/wp-json\/wp\/v2\/types\/page"}],"author":[{"embeddable":true,"href":"https:\/\/editorapanaro.com.br\/site\/wp-json\/wp\/v2\/users\/2"}],"replies":[{"embeddable":true,"href":"https:\/\/editorapanaro.com.br\/site\/wp-json\/wp\/v2\/comments?post=812"}],"version-history":[{"count":6,"href":"https:\/\/editorapanaro.com.br\/site\/wp-json\/wp\/v2\/pages\/812\/revisions"}],"predecessor-version":[{"id":1278,"href":"https:\/\/editorapanaro.com.br\/site\/wp-json\/wp\/v2\/pages\/812\/revisions\/1278"}],"wp:attachment":[{"href":"https:\/\/editorapanaro.com.br\/site\/wp-json\/wp\/v2\/media?parent=812"}],"curies":[{"name":"wp","href":"https:\/\/api.w.org\/{rel}","templated":true}]}}