{"id":734,"date":"2021-05-12T22:00:09","date_gmt":"2021-05-13T01:00:09","guid":{"rendered":"http:\/\/editorapanaro.com.br\/site\/?page_id=734"},"modified":"2021-07-06T21:13:54","modified_gmt":"2021-07-07T00:13:54","slug":"institucional","status":"publish","type":"page","link":"https:\/\/editorapanaro.com.br\/site\/institucional\/","title":{"rendered":"Institucional"},"content":{"rendered":"<p>A Editora Panaro consolidou-se pela experi\u00eancia de mais de uma d\u00e9cada dos s\u00f3cios fundadores na produ\u00e7\u00e3o e na editora\u00e7\u00e3o nos diferentes segmentos da literatura e meio acad\u00eamico-cient\u00edfico. O compromisso da Editora com a produ\u00e7\u00e3o escrita conduziu sua atua\u00e7\u00e3o para a promo\u00e7\u00e3o da cultura e da literatura, tendo como refer\u00eancias a valoriza\u00e7\u00e3o, publica\u00e7\u00e3o e divulga\u00e7\u00e3o dos escritores e suas obras.<br>Como escritores, viabilizamos o contato e a troca com outros autores e obras diversificadas visando o incentivo ao h\u00e1bito da leitura e a forma\u00e7\u00e3o de novos leitores.<\/p><p><strong>Quem somos<\/strong><\/p><p>A Editora Panaro acredita no potencial humano de promo\u00e7\u00e3o da literatura por meio do incentivo aos escritores e forma\u00e7\u00e3o de novos leitores, assim como, na bibliodiversidade para a publica\u00e7\u00e3o de livros.<\/p><p><strong>Compromisso<\/strong><\/p><p>A Editora Panaro tem o compromisso de produzir obras de qualidade, reconhecer autores dos diversos segmentos liter\u00e1rios e cient\u00edficos e formar novos leitores.<\/p><div class=\"wp-block-image\"><figure class=\"alignright size-large\"><img loading=\"lazy\" decoding=\"async\" width=\"101\" height=\"101\" src=\"https:\/\/editorapanaro.com.br\/site\/wp-content\/uploads\/2021\/07\/logo-panaro-100x100_site3.png\" alt=\"\" class=\"wp-image-975\"\/><\/figure><\/div><p class=\"has-text-align-left\"><strong>Logomarca<\/strong><\/p><p class=\"has-text-align-left\">A logomarca da <strong>Editora Panaro<\/strong> \u00e9 uma cria\u00e7\u00e3o inspirada nos referenciais ancestrais dos s\u00f3cios-fundadores. A arte traz a leveza das p\u00e1ginas escritas de um livro a serem folheadas.<\/p>","protected":false},"excerpt":{"rendered":"<p>A Editora Panaro consolidou-se pela experi\u00eancia de mais de uma d\u00e9cada dos s\u00f3cios fundadores na produ\u00e7\u00e3o e na editora\u00e7\u00e3o nos [&hellip;]<\/p>\n","protected":false},"author":2,"featured_media":0,"parent":0,"menu_order":0,"comment_status":"closed","ping_status":"closed","template":"","meta":{"footnotes":""},"class_list":["post-734","page","type-page","status-publish","hentry"],"_links":{"self":[{"href":"https:\/\/editorapanaro.com.br\/site\/wp-json\/wp\/v2\/pages\/734","targetHints":{"allow":["GET"]}}],"collection":[{"href":"https:\/\/editorapanaro.com.br\/site\/wp-json\/wp\/v2\/pages"}],"about":[{"href":"https:\/\/editorapanaro.com.br\/site\/wp-json\/wp\/v2\/types\/page"}],"author":[{"embeddable":true,"href":"https:\/\/editorapanaro.com.br\/site\/wp-json\/wp\/v2\/users\/2"}],"replies":[{"embeddable":true,"href":"https:\/\/editorapanaro.com.br\/site\/wp-json\/wp\/v2\/comments?post=734"}],"version-history":[{"count":12,"href":"https:\/\/editorapanaro.com.br\/site\/wp-json\/wp\/v2\/pages\/734\/revisions"}],"predecessor-version":[{"id":980,"href":"https:\/\/editorapanaro.com.br\/site\/wp-json\/wp\/v2\/pages\/734\/revisions\/980"}],"wp:attachment":[{"href":"https:\/\/editorapanaro.com.br\/site\/wp-json\/wp\/v2\/media?parent=734"}],"curies":[{"name":"wp","href":"https:\/\/api.w.org\/{rel}","templated":true}]}}