{"id":693,"date":"2017-01-02T08:28:52","date_gmt":"2017-01-02T08:28:52","guid":{"rendered":"https:\/\/demo.themegrill.com\/flash-default-2\/?page_id=5"},"modified":"2021-10-12T09:30:45","modified_gmt":"2021-10-12T12:30:45","slug":"home","status":"publish","type":"page","link":"https:\/\/editorapanaro.com.br\/site\/home\/","title":{"rendered":"Home"},"content":{"rendered":"<div id=\"pl-693\"  class=\"panel-layout\" ><div id=\"pg-693-0\"  class=\"panel-grid panel-has-style\" ><div class=\"siteorigin-panels-stretch panel-row-style panel-row-style-for-693-0\" data-stretch-type=\"full-stretched\" ><div id=\"pgc-693-0-0\"  class=\"panel-grid-cell\" ><div id=\"panel-693-0-0-0\" class=\"so-panel widget widget_themegrill_flash_slider tg-section tg-slider-widget panel-first-child panel-last-child\" data-index=\"0\" ><div class=\"tg-slider-widget slider-light slider-content-center slider-control-center full-width\">\n\t<div class=\"swiper-container\">\n\t\t<div class=\"swiper-wrapper\">\n\t\t\t\n\t\t\t\t\t<div class=\"swiper-slide\">\n\t\t\t\t\t\t<figure class=\"slider-image\" >\n\t\t\t\t\t\t\t<img width=\"1921\" height=\"700\"\t\t\t\t\t\t\t\t\tsrc=\"https:\/\/editorapanaro.com.br\/site\/wp-content\/uploads\/2021\/10\/conarte2021-banner-prorroga3.png\"\n\t\t\t\t\t\t\t\t\talt=\"\"\n\t\t\t\t\t\t\t\t\ttitle=\"\"\/>\n\t\t\t\t\t\t\t<div class=\"overlay\"><\/div>\n\t\t\t\t\t\t<\/figure>\n\t\t\t\t\t\t<div class=\"slider-content\">\n\t\t\t\t\t\t\t<div class=\"tg-container\">\n\t\t\t\t\t\t\t\t<div class=\"caption-title\"><\/div>\n\t\t\t\t\t\t\t\t<div class=\"caption-desc\"><\/div>\n\t\t\t\t\t\t\t\t\t\t\t\t\t\t\t\t\t<div class=\"btn-wrapper\">\n\t\t\t\t\t\t\t\t\t\t<a href=\"https:\/\/editorapanaro.com.br\/site\/concursos\/conarte-2021\/\">Inscreva-se<\/a>\n\t\t\t\t\t\t\t\t\t<\/div>\n\t\t\t\t\t\t\t\t\t\t\t\t\t\t\t<\/div>\n\t\t\t\t\t\t<\/div>\n\t\t\t\t\t<\/div>\n\n\t\t\t\t\n\t\t\t\t\t<div class=\"swiper-slide\">\n\t\t\t\t\t\t<figure class=\"slider-image\" >\n\t\t\t\t\t\t\t<img width=\"1921\" height=\"700\"\t\t\t\t\t\t\t\t\tsrc=\"https:\/\/editorapanaro.com.br\/site\/wp-content\/uploads\/2017\/01\/coffee-slide-image.jpg\"\n\t\t\t\t\t\t\t\t\talt=\"NOSSOS LIVROS  \"\n\t\t\t\t\t\t\t\t\ttitle=\"NOSSOS LIVROS  \"\/>\n\t\t\t\t\t\t\t<div class=\"overlay\"><\/div>\n\t\t\t\t\t\t<\/figure>\n\t\t\t\t\t\t<div class=\"slider-content\">\n\t\t\t\t\t\t\t<div class=\"tg-container\">\n\t\t\t\t\t\t\t\t<div class=\"caption-title\">NOSSOS LIVROS  <\/div>\n\t\t\t\t\t\t\t\t<div class=\"caption-desc\">S\u00c3O MAIS QUE FOLHAS IMPRESSAS<\/div>\n\t\t\t\t\t\t\t\t\t\t\t\t\t\t\t\t\t<div class=\"btn-wrapper\">\n\t\t\t\t\t\t\t\t\t\t<a href=\"https:\/\/editorapanaro.com.br\/site\/index.php\/institucional\/\">Saiba mais<\/a>\n\t\t\t\t\t\t\t\t\t<\/div>\n\t\t\t\t\t\t\t\t\t\t\t\t\t\t\t<\/div>\n\t\t\t\t\t\t<\/div>\n\t\t\t\t\t<\/div>\n\n\t\t\t\t\n\t\t\t\t\t<div class=\"swiper-slide\">\n\t\t\t\t\t\t<figure class=\"slider-image\" >\n\t\t\t\t\t\t\t<img  \t\t\t\t\t\t\t\t\tsrc=\"https:\/\/themegrilldemos.com\/flash\/wp-content\/uploads\/sites\/6\/2017\/01\/drag-drop.jpg\"\n\t\t\t\t\t\t\t\t\talt=\"COMPROMISSO\"\n\t\t\t\t\t\t\t\t\ttitle=\"COMPROMISSO\"\/>\n\t\t\t\t\t\t\t<div class=\"overlay\"><\/div>\n\t\t\t\t\t\t<\/figure>\n\t\t\t\t\t\t<div class=\"slider-content\">\n\t\t\t\t\t\t\t<div class=\"tg-container\">\n\t\t\t\t\t\t\t\t<div class=\"caption-title\">COMPROMISSO<\/div>\n\t\t\t\t\t\t\t\t<div class=\"caption-desc\">PROMOVER AUTORES E OBRAS<\/div>\n\t\t\t\t\t\t\t\t\t\t\t\t\t\t\t\t\t<div class=\"btn-wrapper\">\n\t\t\t\t\t\t\t\t\t\t<a href=\"https:\/\/editorapanaro.com.br\/site\/index.php\/politica-editorial\/\">Leia mais<\/a>\n\t\t\t\t\t\t\t\t\t<\/div>\n\t\t\t\t\t\t\t\t\t\t\t\t\t\t\t<\/div>\n\t\t\t\t\t\t<\/div>\n\t\t\t\t\t<\/div>\n\n\t\t\t\t\t\t<\/div>\n\t\t<div class=\"swiper-pagination\"><\/div>\n\t\t<div class=\"slider-arrow\">\n\t\t\t<div class=\"swiper-button-next\"><\/div>\n\t\t\t<div class=\"swiper-button-prev\"><\/div>\n\t\t<\/div>\n\t<\/div>\n<\/div>\n<\/div><\/div><\/div><\/div><div id=\"pg-693-1\"  class=\"panel-grid panel-has-style\" ><div class=\"panel-row-style panel-row-style-for-693-1\" ><div id=\"pgc-693-1-0\"  class=\"panel-grid-cell\" ><div id=\"panel-693-1-0-0\" class=\"so-panel widget widget_themegrill_flash_service tg-widget tg-single-service panel-first-child panel-last-child\" data-index=\"1\" >\n<div class=\"tg-service-widget tg-service-layout-1\">\n\t<div class=\"service-wrapper\">\n\t\t<div class=\"service-icon-title-wrapper clearfix\">\n\t\t\t\t\t\t<div class=\"service-icon-wrap\"><i class=\"fa fa-leanpub\"><\/i><\/div>\n\t\t\t\t\t\t\t\t\t\t\t\t<h3 class=\"service-title-wrap\">\n\t\t\t\t\t\t\t\t<a href=\"#\">\n\t\t\t\tLiteratura\t\t\t\t\t\t\t\t<\/a>\n\t\t\t\t\t\t\t<\/h3>\n\t\t\t\t\t<\/div>\n\t\t\t\t<div class=\"service-content-wrap\">Contempla narrativas em verso, prosa ou quadrinhos, em diversos g\u00eaneros<\/div>\n\t\t\t\t\t\t<a class=\"service-more\" href=\"#\">SAIBA MAIS<\/a>\n\t\t\t<\/div>\n<\/div>\n<\/div><\/div><div id=\"pgc-693-1-1\"  class=\"panel-grid-cell\" ><div id=\"panel-693-1-1-0\" class=\"so-panel widget widget_themegrill_flash_service tg-widget tg-single-service panel-first-child panel-last-child\" data-index=\"2\" >\n<div class=\"tg-service-widget tg-service-layout-1\">\n\t<div class=\"service-wrapper\">\n\t\t<div class=\"service-icon-title-wrapper clearfix\">\n\t\t\t\t\t\t<div class=\"service-icon-wrap\"><i class=\"fa fa-street-view\"><\/i><\/div>\n\t\t\t\t\t\t\t\t\t\t\t\t<h3 class=\"service-title-wrap\">\n\t\t\t\t\t\t\t\t<a href=\"#\">\n\t\t\t\tEnsaio\t\t\t\t\t\t\t\t<\/a>\n\t\t\t\t\t\t\t<\/h3>\n\t\t\t\t\t<\/div>\n\t\t\t\t<div class=\"service-content-wrap\">Obras em prosa, de car\u00e1ter especulativo ou a partir de dados de pesquisa cient\u00edfica<\/div>\n\t\t\t\t\t\t<a class=\"service-more\" href=\"#\">SAIBA MAIS<\/a>\n\t\t\t<\/div>\n<\/div>\n<\/div><\/div><div id=\"pgc-693-1-2\"  class=\"panel-grid-cell\" ><div id=\"panel-693-1-2-0\" class=\"so-panel widget widget_themegrill_flash_service tg-widget tg-single-service panel-first-child panel-last-child\" data-index=\"3\" >\n<div class=\"tg-service-widget tg-service-layout-1\">\n\t<div class=\"service-wrapper\">\n\t\t<div class=\"service-icon-title-wrapper clearfix\">\n\t\t\t\t\t\t<div class=\"service-icon-wrap\"><i class=\"fa fa-book\"><\/i><\/div>\n\t\t\t\t\t\t\t\t\t\t\t\t<h3 class=\"service-title-wrap\">\n\t\t\t\t\t\t\t\t<a href=\"#\">\n\t\t\t\tObras traduzidas\t\t\t\t\t\t\t\t<\/a>\n\t\t\t\t\t\t\t<\/h3>\n\t\t\t\t\t<\/div>\n\t\t\t\t<div class=\"service-content-wrap\">Obras de autores estrangeiros traduzidas para a l\u00edngua portuguesa<\/div>\n\t\t\t\t\t\t<a class=\"service-more\" href=\"#\">SAIBA MAIS<\/a>\n\t\t\t<\/div>\n<\/div>\n<\/div><\/div><\/div><\/div><div id=\"pg-693-2\"  class=\"panel-grid panel-has-style\" ><div class=\"siteorigin-panels-stretch panel-row-style panel-row-style-for-693-2\" data-stretch-type=\"full\" ><div id=\"pgc-693-2-0\"  class=\"panel-grid-cell\" ><div id=\"panel-693-2-0-0\" class=\"so-panel widget widget_themegrill_flash_cta tg-widget call-to-action-section panel-first-child panel-last-child\" data-index=\"4\" ><div class=\"panel-widget-style panel-widget-style-for-693-2-0-0\" ><div class=\"cta-wrapper call-to-action-section-layout-1\">\n\t<div class=\"section-title-wrapper\">\n\t\t\t\t<h3 class=\"section-title\">A MELHOR EXPERI\u00caNCIA PARA A PUBLICA\u00c7\u00c3O DA SUA OBRA<\/h3>\n\t\t\t<\/div>\n\t\t<div class=\"btn-wrapper\">\n\t\t\t\t<a class=\"btn\" href=\"https:\/\/editorapanaro.com.br\/site\/index.php\/2021\/05\/21\/photography-tips-for-photographer\/\">Leia mais<\/a>\n\t\t\t\t\t<\/div>\n\t<\/div>\n<\/div><\/div><\/div><\/div><\/div><\/div>","protected":false},"excerpt":{"rendered":"<p>Inscreva-se NOSSOS LIVROS S\u00c3O MAIS QUE FOLHAS IMPRESSAS Saiba mais COMPROMISSO PROMOVER AUTORES E OBRAS Leia mais Literatura Contempla narrativas [&hellip;]<\/p>\n","protected":false},"author":2,"featured_media":0,"parent":0,"menu_order":0,"comment_status":"closed","ping_status":"closed","template":"page-templates\/pagebuilder.php","meta":{"footnotes":""},"class_list":["post-693","page","type-page","status-publish","hentry"],"_links":{"self":[{"href":"https:\/\/editorapanaro.com.br\/site\/wp-json\/wp\/v2\/pages\/693","targetHints":{"allow":["GET"]}}],"collection":[{"href":"https:\/\/editorapanaro.com.br\/site\/wp-json\/wp\/v2\/pages"}],"about":[{"href":"https:\/\/editorapanaro.com.br\/site\/wp-json\/wp\/v2\/types\/page"}],"author":[{"embeddable":true,"href":"https:\/\/editorapanaro.com.br\/site\/wp-json\/wp\/v2\/users\/2"}],"replies":[{"embeddable":true,"href":"https:\/\/editorapanaro.com.br\/site\/wp-json\/wp\/v2\/comments?post=693"}],"version-history":[{"count":48,"href":"https:\/\/editorapanaro.com.br\/site\/wp-json\/wp\/v2\/pages\/693\/revisions"}],"predecessor-version":[{"id":1181,"href":"https:\/\/editorapanaro.com.br\/site\/wp-json\/wp\/v2\/pages\/693\/revisions\/1181"}],"wp:attachment":[{"href":"https:\/\/editorapanaro.com.br\/site\/wp-json\/wp\/v2\/media?parent=693"}],"curies":[{"name":"wp","href":"https:\/\/api.w.org\/{rel}","templated":true}]}}