{"id":1138,"date":"2021-09-29T19:11:19","date_gmt":"2021-09-29T22:11:19","guid":{"rendered":"https:\/\/editorapanaro.com.br\/site\/pagina-inicial\/"},"modified":"2021-09-29T20:36:49","modified_gmt":"2021-09-29T23:36:49","slug":"pagina-inicial","status":"publish","type":"page","link":"https:\/\/editorapanaro.com.br\/site\/","title":{"rendered":"P\u00e1gina inicial"},"content":{"rendered":"<h2 class=\"has-text-align-center wp-block-heading\"><\/h2><div data-block-name=\"woocommerce\/product-new\" data-columns=\"4\" class=\"wc-block-grid wp-block-product-new wp-block-woocommerce-product-new wc-block-product-new has-4-columns has-multiple-rows\"><ul class=\"wc-block-grid__products\"><li class=\"wc-block-grid__product\">\n\t\t\t\t<a href=\"https:\/\/editorapanaro.com.br\/site\/produto\/do-caburai-ao-chui-3\/\" class=\"wc-block-grid__product-link\">\n\t\t\t\t\t\n\t\t\t\t\t<div class=\"wc-block-grid__product-image\"><img loading=\"lazy\" decoding=\"async\" width=\"300\" height=\"300\" src=\"https:\/\/editorapanaro.com.br\/site\/wp-content\/uploads\/2025\/07\/capa3d-300x300.jpg\" class=\"attachment-woocommerce_thumbnail size-woocommerce_thumbnail\" alt=\"Do Cabura\u00ed ao Chu\u00ed 3\" srcset=\"https:\/\/editorapanaro.com.br\/site\/wp-content\/uploads\/2025\/07\/capa3d-300x300.jpg 300w, https:\/\/editorapanaro.com.br\/site\/wp-content\/uploads\/2025\/07\/capa3d-150x150.jpg 150w, https:\/\/editorapanaro.com.br\/site\/wp-content\/uploads\/2025\/07\/capa3d-100x100.jpg 100w\" sizes=\"auto, (max-width: 300px) 100vw, 300px\" \/><\/div>\n\t\t\t\t\t<div class=\"wc-block-grid__product-title\">Do Cabura\u00ed ao Chu\u00ed 3<\/div>\n\t\t\t\t<\/a>\n\t\t\t\t<div class=\"wc-block-grid__product-price price\"><\/div>\n\t\t\t\t\n\t\t\t\t<div class=\"wp-block-button wc-block-grid__product-add-to-cart\"><a href=\"https:\/\/editorapanaro.com.br\/site\/produto\/do-caburai-ao-chui-3\/\" aria-label=\"Leia mais sobre &ldquo;Do Cabura\u00ed ao Chu\u00ed 3&rdquo;\" data-quantity=\"1\" data-product_id=\"1443\" data-product_sku=\"\" data-price=\"0\" rel=\"nofollow\" class=\"wp-block-button__link  add_to_cart_button\">Leia mais<\/a><\/div>\n\t\t\t<\/li><li class=\"wc-block-grid__product\">\n\t\t\t\t<a href=\"https:\/\/editorapanaro.com.br\/site\/produto\/curso-de-genealogia-na-pratica\/\" class=\"wc-block-grid__product-link\">\n\t\t\t\t\t\n\t\t\t\t\t<div class=\"wc-block-grid__product-image\"><img loading=\"lazy\" decoding=\"async\" width=\"300\" height=\"300\" src=\"https:\/\/editorapanaro.com.br\/site\/wp-content\/uploads\/2025\/02\/imagem-genealogia-300x300.png\" class=\"attachment-woocommerce_thumbnail size-woocommerce_thumbnail\" alt=\"Curso de Genealogia na Pr\u00e1tica\" srcset=\"https:\/\/editorapanaro.com.br\/site\/wp-content\/uploads\/2025\/02\/imagem-genealogia-300x300.png 300w, https:\/\/editorapanaro.com.br\/site\/wp-content\/uploads\/2025\/02\/imagem-genealogia-1024x1024.png 1024w, https:\/\/editorapanaro.com.br\/site\/wp-content\/uploads\/2025\/02\/imagem-genealogia-150x150.png 150w, https:\/\/editorapanaro.com.br\/site\/wp-content\/uploads\/2025\/02\/imagem-genealogia-768x768.png 768w, https:\/\/editorapanaro.com.br\/site\/wp-content\/uploads\/2025\/02\/imagem-genealogia-600x600.png 600w, https:\/\/editorapanaro.com.br\/site\/wp-content\/uploads\/2025\/02\/imagem-genealogia-100x100.png 100w, https:\/\/editorapanaro.com.br\/site\/wp-content\/uploads\/2025\/02\/imagem-genealogia-e1739275391173.png 800w\" sizes=\"auto, (max-width: 300px) 100vw, 300px\" \/><\/div>\n\t\t\t\t\t<div class=\"wc-block-grid__product-title\">Curso de Genealogia na Pr\u00e1tica<\/div>\n\t\t\t\t<\/a>\n\t\t\t\t<div class=\"wc-block-grid__product-price price\"><span class=\"woocommerce-Price-amount amount\"><span class=\"woocommerce-Price-currencySymbol\">&#082;&#036;<\/span>699,00<\/span><\/div>\n\t\t\t\t\n\t\t\t\t<div class=\"wp-block-button wc-block-grid__product-add-to-cart\"><a href=\"?add-to-cart=1427\" aria-label=\"Adicione ao carrinho: &ldquo;Curso de Genealogia na Pr\u00e1tica&rdquo;\" data-quantity=\"1\" data-product_id=\"1427\" data-product_sku=\"\" data-price=\"699\" rel=\"nofollow\" class=\"wp-block-button__link  add_to_cart_button ajax_add_to_cart\">Adicionar ao carrinho<\/a><\/div>\n\t\t\t<\/li><li class=\"wc-block-grid__product\">\n\t\t\t\t<a href=\"https:\/\/editorapanaro.com.br\/site\/produto\/1408\/\" class=\"wc-block-grid__product-link\">\n\t\t\t\t\t\n\t\t\t\t\t<div class=\"wc-block-grid__product-image\"><img loading=\"lazy\" decoding=\"async\" width=\"300\" height=\"300\" src=\"https:\/\/editorapanaro.com.br\/site\/wp-content\/uploads\/2024\/10\/capa-jorge-300x300.jpg\" class=\"attachment-woocommerce_thumbnail size-woocommerce_thumbnail\" alt=\"\" srcset=\"https:\/\/editorapanaro.com.br\/site\/wp-content\/uploads\/2024\/10\/capa-jorge-300x300.jpg 300w, https:\/\/editorapanaro.com.br\/site\/wp-content\/uploads\/2024\/10\/capa-jorge-150x150.jpg 150w, https:\/\/editorapanaro.com.br\/site\/wp-content\/uploads\/2024\/10\/capa-jorge-100x100.jpg 100w\" sizes=\"auto, (max-width: 300px) 100vw, 300px\" \/><\/div>\n\t\t\t\t\t<div class=\"wc-block-grid__product-title\"><\/div>\n\t\t\t\t<\/a>\n\t\t\t\t<div class=\"wc-block-grid__product-price price\"><\/div>\n\t\t\t\t\n\t\t\t\t<div class=\"wp-block-button wc-block-grid__product-add-to-cart\"><a href=\"https:\/\/editorapanaro.com.br\/site\/produto\/1408\/\" aria-label=\"Leia mais sobre &ldquo;&rdquo;\" data-quantity=\"1\" data-product_id=\"1408\" data-product_sku=\"\" data-price=\"0\" rel=\"nofollow\" class=\"wp-block-button__link  add_to_cart_button\">Leia mais<\/a><\/div>\n\t\t\t<\/li><li class=\"wc-block-grid__product\">\n\t\t\t\t<a href=\"https:\/\/editorapanaro.com.br\/site\/produto\/a-esperanca-danca\/\" class=\"wc-block-grid__product-link\">\n\t\t\t\t\t\n\t\t\t\t\t<div class=\"wc-block-grid__product-image\"><img loading=\"lazy\" decoding=\"async\" width=\"300\" height=\"300\" src=\"https:\/\/editorapanaro.com.br\/site\/wp-content\/uploads\/2023\/07\/Capturar-300x300.png\" class=\"attachment-woocommerce_thumbnail size-woocommerce_thumbnail\" alt=\"A esperan\u00e7a dan\u00e7a\" srcset=\"https:\/\/editorapanaro.com.br\/site\/wp-content\/uploads\/2023\/07\/Capturar-300x300.png 300w, https:\/\/editorapanaro.com.br\/site\/wp-content\/uploads\/2023\/07\/Capturar-150x150.png 150w, https:\/\/editorapanaro.com.br\/site\/wp-content\/uploads\/2023\/07\/Capturar-100x100.png 100w\" sizes=\"auto, (max-width: 300px) 100vw, 300px\" \/><\/div>\n\t\t\t\t\t<div class=\"wc-block-grid__product-title\">A esperan\u00e7a dan\u00e7a<\/div>\n\t\t\t\t<\/a>\n\t\t\t\t<div class=\"wc-block-grid__product-price price\"><span class=\"woocommerce-Price-amount amount\"><span class=\"woocommerce-Price-currencySymbol\">&#082;&#036;<\/span>35,00<\/span><\/div>\n\t\t\t\t\n\t\t\t\t<div class=\"wp-block-button wc-block-grid__product-add-to-cart\"><a href=\"?add-to-cart=1391\" aria-label=\"Adicione ao carrinho: &ldquo;A esperan\u00e7a dan\u00e7a&rdquo;\" data-quantity=\"1\" data-product_id=\"1391\" data-product_sku=\"\" data-price=\"35\" rel=\"nofollow\" class=\"wp-block-button__link  add_to_cart_button ajax_add_to_cart\">Adicionar ao carrinho<\/a><\/div>\n\t\t\t<\/li><li class=\"wc-block-grid__product\">\n\t\t\t\t<a href=\"https:\/\/editorapanaro.com.br\/site\/produto\/mae-dagua\/\" class=\"wc-block-grid__product-link\">\n\t\t\t\t\t\n\t\t\t\t\t<div class=\"wc-block-grid__product-image\"><img loading=\"lazy\" decoding=\"async\" width=\"300\" height=\"300\" src=\"https:\/\/editorapanaro.com.br\/site\/wp-content\/uploads\/2023\/05\/MAE-DAGUA_-CAPA2_IMPRESSO_ED_REV-300x300.jpg\" class=\"attachment-woocommerce_thumbnail size-woocommerce_thumbnail\" alt=\"M\u00e3e d&#039;\u00e1gua\" srcset=\"https:\/\/editorapanaro.com.br\/site\/wp-content\/uploads\/2023\/05\/MAE-DAGUA_-CAPA2_IMPRESSO_ED_REV-300x300.jpg 300w, https:\/\/editorapanaro.com.br\/site\/wp-content\/uploads\/2023\/05\/MAE-DAGUA_-CAPA2_IMPRESSO_ED_REV-1024x1024.jpg 1024w, https:\/\/editorapanaro.com.br\/site\/wp-content\/uploads\/2023\/05\/MAE-DAGUA_-CAPA2_IMPRESSO_ED_REV-150x150.jpg 150w, https:\/\/editorapanaro.com.br\/site\/wp-content\/uploads\/2023\/05\/MAE-DAGUA_-CAPA2_IMPRESSO_ED_REV-768x768.jpg 768w, https:\/\/editorapanaro.com.br\/site\/wp-content\/uploads\/2023\/05\/MAE-DAGUA_-CAPA2_IMPRESSO_ED_REV-600x600.jpg 600w, https:\/\/editorapanaro.com.br\/site\/wp-content\/uploads\/2023\/05\/MAE-DAGUA_-CAPA2_IMPRESSO_ED_REV-100x100.jpg 100w, https:\/\/editorapanaro.com.br\/site\/wp-content\/uploads\/2023\/05\/MAE-DAGUA_-CAPA2_IMPRESSO_ED_REV.jpg 1181w\" sizes=\"auto, (max-width: 300px) 100vw, 300px\" \/><\/div>\n\t\t\t\t\t<div class=\"wc-block-grid__product-title\">M\u00e3e d&#8217;\u00e1gua<\/div>\n\t\t\t\t<\/a>\n\t\t\t\t<div class=\"wc-block-grid__product-price price\"><span class=\"woocommerce-Price-amount amount\"><span class=\"woocommerce-Price-currencySymbol\">&#082;&#036;<\/span>32,00<\/span><\/div>\n\t\t\t\t\n\t\t\t\t<div class=\"wp-block-button wc-block-grid__product-add-to-cart\"><a href=\"?add-to-cart=1370\" aria-label=\"Adicione ao carrinho: &ldquo;M\u00e3e d&#039;\u00e1gua&rdquo;\" data-quantity=\"1\" data-product_id=\"1370\" data-product_sku=\"\" data-price=\"32\" rel=\"nofollow\" class=\"wp-block-button__link  add_to_cart_button ajax_add_to_cart\">Adicionar ao carrinho<\/a><\/div>\n\t\t\t<\/li><li class=\"wc-block-grid__product\">\n\t\t\t\t<a href=\"https:\/\/editorapanaro.com.br\/site\/produto\/sobrevivemos-a-uma-pandemia\/\" class=\"wc-block-grid__product-link\">\n\t\t\t\t\t\n\t\t\t\t\t<div class=\"wc-block-grid__product-image\"><img loading=\"lazy\" decoding=\"async\" width=\"300\" height=\"300\" src=\"https:\/\/editorapanaro.com.br\/site\/wp-content\/uploads\/2023\/05\/smec_pandemia_capa_site-300x300.jpg\" class=\"attachment-woocommerce_thumbnail size-woocommerce_thumbnail\" alt=\"Sobrevivemos a uma pandemia\" srcset=\"https:\/\/editorapanaro.com.br\/site\/wp-content\/uploads\/2023\/05\/smec_pandemia_capa_site-300x300.jpg 300w, https:\/\/editorapanaro.com.br\/site\/wp-content\/uploads\/2023\/05\/smec_pandemia_capa_site-150x150.jpg 150w, https:\/\/editorapanaro.com.br\/site\/wp-content\/uploads\/2023\/05\/smec_pandemia_capa_site-100x100.jpg 100w\" sizes=\"auto, (max-width: 300px) 100vw, 300px\" \/><\/div>\n\t\t\t\t\t<div class=\"wc-block-grid__product-title\">Sobrevivemos a uma pandemia<\/div>\n\t\t\t\t<\/a>\n\t\t\t\t<div class=\"wc-block-grid__product-price price\"><\/div>\n\t\t\t\t\n\t\t\t\t<div class=\"wp-block-button wc-block-grid__product-add-to-cart\"><a href=\"https:\/\/editorapanaro.com.br\/site\/produto\/sobrevivemos-a-uma-pandemia\/\" aria-label=\"Leia mais sobre &ldquo;Sobrevivemos a uma pandemia&rdquo;\" data-quantity=\"1\" data-product_id=\"1358\" data-product_sku=\"\" data-price=\"0\" rel=\"nofollow\" class=\"wp-block-button__link  add_to_cart_button\">Leia mais<\/a><\/div>\n\t\t\t<\/li><li class=\"wc-block-grid__product\">\n\t\t\t\t<a href=\"https:\/\/editorapanaro.com.br\/site\/produto\/aguas-do-brasil-amazonia-e-acre\/\" class=\"wc-block-grid__product-link\">\n\t\t\t\t\t\n\t\t\t\t\t<div class=\"wc-block-grid__product-image\"><img loading=\"lazy\" decoding=\"async\" width=\"300\" height=\"300\" src=\"https:\/\/editorapanaro.com.br\/site\/wp-content\/uploads\/2023\/01\/v4_capa-site-300x300.jpg\" class=\"attachment-woocommerce_thumbnail size-woocommerce_thumbnail\" alt=\"\u00c1guas do Brasil, Amaz\u00f4nia e Acre\" srcset=\"https:\/\/editorapanaro.com.br\/site\/wp-content\/uploads\/2023\/01\/v4_capa-site-300x300.jpg 300w, https:\/\/editorapanaro.com.br\/site\/wp-content\/uploads\/2023\/01\/v4_capa-site-150x150.jpg 150w, https:\/\/editorapanaro.com.br\/site\/wp-content\/uploads\/2023\/01\/v4_capa-site-100x100.jpg 100w\" sizes=\"auto, (max-width: 300px) 100vw, 300px\" \/><\/div>\n\t\t\t\t\t<div class=\"wc-block-grid__product-title\">\u00c1guas do Brasil, Amaz\u00f4nia e Acre<\/div>\n\t\t\t\t<\/a>\n\t\t\t\t<div class=\"wc-block-grid__product-price price\"><\/div>\n\t\t\t\t\n\t\t\t\t<div class=\"wp-block-button wc-block-grid__product-add-to-cart\"><a href=\"https:\/\/editorapanaro.com.br\/site\/produto\/aguas-do-brasil-amazonia-e-acre\/\" aria-label=\"Leia mais sobre &ldquo;\u00c1guas do Brasil, Amaz\u00f4nia e Acre&rdquo;\" data-quantity=\"1\" data-product_id=\"1343\" data-product_sku=\"\" data-price=\"0\" rel=\"nofollow\" class=\"wp-block-button__link  add_to_cart_button\">Leia mais<\/a><\/div>\n\t\t\t<\/li><li class=\"wc-block-grid__product\">\n\t\t\t\t<a href=\"https:\/\/editorapanaro.com.br\/site\/produto\/a-republica-do-cortico\/\" class=\"wc-block-grid__product-link\">\n\t\t\t\t\t\n\t\t\t\t\t<div class=\"wc-block-grid__product-image\"><img loading=\"lazy\" decoding=\"async\" width=\"300\" height=\"300\" src=\"https:\/\/editorapanaro.com.br\/site\/wp-content\/uploads\/2022\/12\/REPUBLICA-_-EUGENIO-300x300.jpg\" class=\"attachment-woocommerce_thumbnail size-woocommerce_thumbnail\" alt=\"A Rep\u00fablica do corti\u00e7o\" srcset=\"https:\/\/editorapanaro.com.br\/site\/wp-content\/uploads\/2022\/12\/REPUBLICA-_-EUGENIO-300x300.jpg 300w, https:\/\/editorapanaro.com.br\/site\/wp-content\/uploads\/2022\/12\/REPUBLICA-_-EUGENIO-150x150.jpg 150w, https:\/\/editorapanaro.com.br\/site\/wp-content\/uploads\/2022\/12\/REPUBLICA-_-EUGENIO-100x100.jpg 100w\" sizes=\"auto, (max-width: 300px) 100vw, 300px\" \/><\/div>\n\t\t\t\t\t<div class=\"wc-block-grid__product-title\">A Rep\u00fablica do corti\u00e7o<\/div>\n\t\t\t\t<\/a>\n\t\t\t\t<div class=\"wc-block-grid__product-price price\"><\/div>\n\t\t\t\t\n\t\t\t\t<div class=\"wp-block-button wc-block-grid__product-add-to-cart\"><a href=\"https:\/\/editorapanaro.com.br\/site\/produto\/a-republica-do-cortico\/\" aria-label=\"Leia mais sobre &ldquo;A Rep\u00fablica do corti\u00e7o&rdquo;\" data-quantity=\"1\" data-product_id=\"1307\" data-product_sku=\"\" data-price=\"0\" rel=\"nofollow\" class=\"wp-block-button__link  add_to_cart_button\">Leia mais<\/a><\/div>\n\t\t\t<\/li><li class=\"wc-block-grid__product\">\n\t\t\t\t<a href=\"https:\/\/editorapanaro.com.br\/site\/produto\/livro-das-origens\/\" class=\"wc-block-grid__product-link\">\n\t\t\t\t\t\n\t\t\t\t\t<div class=\"wc-block-grid__product-image\"><img loading=\"lazy\" decoding=\"async\" width=\"300\" height=\"300\" src=\"https:\/\/editorapanaro.com.br\/site\/wp-content\/uploads\/2022\/12\/LIVRO-DAS-ORIGENS_CAPA-300x300.jpg\" class=\"attachment-woocommerce_thumbnail size-woocommerce_thumbnail\" alt=\"Livro das origens\" srcset=\"https:\/\/editorapanaro.com.br\/site\/wp-content\/uploads\/2022\/12\/LIVRO-DAS-ORIGENS_CAPA-300x300.jpg 300w, https:\/\/editorapanaro.com.br\/site\/wp-content\/uploads\/2022\/12\/LIVRO-DAS-ORIGENS_CAPA-150x150.jpg 150w, https:\/\/editorapanaro.com.br\/site\/wp-content\/uploads\/2022\/12\/LIVRO-DAS-ORIGENS_CAPA-100x100.jpg 100w\" sizes=\"auto, (max-width: 300px) 100vw, 300px\" \/><\/div>\n\t\t\t\t\t<div class=\"wc-block-grid__product-title\">Livro das origens<\/div>\n\t\t\t\t<\/a>\n\t\t\t\t<div class=\"wc-block-grid__product-price price\"><\/div>\n\t\t\t\t\n\t\t\t\t<div class=\"wp-block-button wc-block-grid__product-add-to-cart\"><a href=\"https:\/\/editorapanaro.com.br\/site\/produto\/livro-das-origens\/\" aria-label=\"Leia mais sobre &ldquo;Livro das origens&rdquo;\" data-quantity=\"1\" data-product_id=\"1305\" data-product_sku=\"\" data-price=\"0\" rel=\"nofollow\" class=\"wp-block-button__link  add_to_cart_button\">Leia mais<\/a><\/div>\n\t\t\t<\/li><li class=\"wc-block-grid__product\">\n\t\t\t\t<a href=\"https:\/\/editorapanaro.com.br\/site\/produto\/territorialidades-ecologicas\/\" class=\"wc-block-grid__product-link\">\n\t\t\t\t\t\n\t\t\t\t\t<div class=\"wc-block-grid__product-image\"><img loading=\"lazy\" decoding=\"async\" width=\"300\" height=\"300\" src=\"https:\/\/editorapanaro.com.br\/site\/wp-content\/uploads\/2022\/11\/TERRITORIALIDADES-ECO_-CAPA2-_tani2-1-300x300.png\" class=\"attachment-woocommerce_thumbnail size-woocommerce_thumbnail\" alt=\"Territorialidades ecol\u00f3gicas\" srcset=\"https:\/\/editorapanaro.com.br\/site\/wp-content\/uploads\/2022\/11\/TERRITORIALIDADES-ECO_-CAPA2-_tani2-1-300x300.png 300w, https:\/\/editorapanaro.com.br\/site\/wp-content\/uploads\/2022\/11\/TERRITORIALIDADES-ECO_-CAPA2-_tani2-1-150x150.png 150w, https:\/\/editorapanaro.com.br\/site\/wp-content\/uploads\/2022\/11\/TERRITORIALIDADES-ECO_-CAPA2-_tani2-1-100x100.png 100w\" sizes=\"auto, (max-width: 300px) 100vw, 300px\" \/><\/div>\n\t\t\t\t\t<div class=\"wc-block-grid__product-title\">Territorialidades ecol\u00f3gicas<\/div>\n\t\t\t\t<\/a>\n\t\t\t\t<div class=\"wc-block-grid__product-price price\"><\/div>\n\t\t\t\t\n\t\t\t\t<div class=\"wp-block-button wc-block-grid__product-add-to-cart\"><a href=\"https:\/\/editorapanaro.com.br\/site\/produto\/territorialidades-ecologicas\/\" aria-label=\"Leia mais sobre &ldquo;Territorialidades ecol\u00f3gicas&rdquo;\" data-quantity=\"1\" data-product_id=\"1300\" data-product_sku=\"\" data-price=\"0\" rel=\"nofollow\" class=\"wp-block-button__link  add_to_cart_button\">Leia mais<\/a><\/div>\n\t\t\t<\/li><li class=\"wc-block-grid__product\">\n\t\t\t\t<a href=\"https:\/\/editorapanaro.com.br\/site\/produto\/voce-e-um-pe-de-chinelo\/\" class=\"wc-block-grid__product-link\">\n\t\t\t\t\t\n\t\t\t\t\t<div class=\"wc-block-grid__product-image\"><img loading=\"lazy\" decoding=\"async\" width=\"300\" height=\"300\" src=\"https:\/\/editorapanaro.com.br\/site\/wp-content\/uploads\/2022\/06\/PE-DE-CHINELO-_-capa-site-300x300.jpg\" class=\"attachment-woocommerce_thumbnail size-woocommerce_thumbnail\" alt=\"Voc\u00ea \u00e9 um p\u00e9 de chinelo\" srcset=\"https:\/\/editorapanaro.com.br\/site\/wp-content\/uploads\/2022\/06\/PE-DE-CHINELO-_-capa-site-300x300.jpg 300w, https:\/\/editorapanaro.com.br\/site\/wp-content\/uploads\/2022\/06\/PE-DE-CHINELO-_-capa-site-150x150.jpg 150w, https:\/\/editorapanaro.com.br\/site\/wp-content\/uploads\/2022\/06\/PE-DE-CHINELO-_-capa-site-100x100.jpg 100w\" sizes=\"auto, (max-width: 300px) 100vw, 300px\" \/><\/div>\n\t\t\t\t\t<div class=\"wc-block-grid__product-title\">Voc\u00ea \u00e9 um p\u00e9 de chinelo<\/div>\n\t\t\t\t<\/a>\n\t\t\t\t<div class=\"wc-block-grid__product-price price\"><\/div>\n\t\t\t\t\n\t\t\t\t<div class=\"wp-block-button wc-block-grid__product-add-to-cart\"><a href=\"https:\/\/editorapanaro.com.br\/site\/produto\/voce-e-um-pe-de-chinelo\/\" aria-label=\"Leia mais sobre &ldquo;Voc\u00ea \u00e9 um p\u00e9 de chinelo&rdquo;\" data-quantity=\"1\" data-product_id=\"1295\" data-product_sku=\"\" data-price=\"0\" rel=\"nofollow\" class=\"wp-block-button__link  add_to_cart_button\">Leia mais<\/a><\/div>\n\t\t\t<\/li><li class=\"wc-block-grid__product\">\n\t\t\t\t<a href=\"https:\/\/editorapanaro.com.br\/site\/produto\/do-caburai-ao-chui-sociedades-tradicionais-do-brasil\/\" class=\"wc-block-grid__product-link\">\n\t\t\t\t\t\n\t\t\t\t\t<div class=\"wc-block-grid__product-image\"><img loading=\"lazy\" decoding=\"async\" width=\"300\" height=\"300\" src=\"https:\/\/editorapanaro.com.br\/site\/wp-content\/uploads\/2022\/03\/DO-CABURAI-_-CAPA-_2-300x300.jpg\" class=\"attachment-woocommerce_thumbnail size-woocommerce_thumbnail\" alt=\"Do Cabura\u00ed ao Chu\u00ed\" srcset=\"https:\/\/editorapanaro.com.br\/site\/wp-content\/uploads\/2022\/03\/DO-CABURAI-_-CAPA-_2-300x300.jpg 300w, https:\/\/editorapanaro.com.br\/site\/wp-content\/uploads\/2022\/03\/DO-CABURAI-_-CAPA-_2-150x150.jpg 150w, https:\/\/editorapanaro.com.br\/site\/wp-content\/uploads\/2022\/03\/DO-CABURAI-_-CAPA-_2-100x100.jpg 100w\" sizes=\"auto, (max-width: 300px) 100vw, 300px\" \/><\/div>\n\t\t\t\t\t<div class=\"wc-block-grid__product-title\">Do Cabura\u00ed ao Chu\u00ed<\/div>\n\t\t\t\t<\/a>\n\t\t\t\t<div class=\"wc-block-grid__product-price price\"><\/div>\n\t\t\t\t\n\t\t\t\t<div class=\"wp-block-button wc-block-grid__product-add-to-cart\"><a href=\"https:\/\/editorapanaro.com.br\/site\/produto\/do-caburai-ao-chui-sociedades-tradicionais-do-brasil\/\" aria-label=\"Leia mais sobre &ldquo;Do Cabura\u00ed ao Chu\u00ed&rdquo;\" data-quantity=\"1\" data-product_id=\"1271\" data-product_sku=\"\" data-price=\"0\" rel=\"nofollow\" class=\"wp-block-button__link  add_to_cart_button\">Leia mais<\/a><\/div>\n\t\t\t<\/li><\/ul><\/div>","protected":false},"excerpt":{"rendered":"","protected":false},"author":2,"featured_media":0,"parent":0,"menu_order":0,"comment_status":"closed","ping_status":"closed","template":"","meta":{"footnotes":""},"class_list":["post-1138","page","type-page","status-publish","hentry"],"_links":{"self":[{"href":"https:\/\/editorapanaro.com.br\/site\/wp-json\/wp\/v2\/pages\/1138","targetHints":{"allow":["GET"]}}],"collection":[{"href":"https:\/\/editorapanaro.com.br\/site\/wp-json\/wp\/v2\/pages"}],"about":[{"href":"https:\/\/editorapanaro.com.br\/site\/wp-json\/wp\/v2\/types\/page"}],"author":[{"embeddable":true,"href":"https:\/\/editorapanaro.com.br\/site\/wp-json\/wp\/v2\/users\/2"}],"replies":[{"embeddable":true,"href":"https:\/\/editorapanaro.com.br\/site\/wp-json\/wp\/v2\/comments?post=1138"}],"version-history":[{"count":4,"href":"https:\/\/editorapanaro.com.br\/site\/wp-json\/wp\/v2\/pages\/1138\/revisions"}],"predecessor-version":[{"id":1149,"href":"https:\/\/editorapanaro.com.br\/site\/wp-json\/wp\/v2\/pages\/1138\/revisions\/1149"}],"wp:attachment":[{"href":"https:\/\/editorapanaro.com.br\/site\/wp-json\/wp\/v2\/media?parent=1138"}],"curies":[{"name":"wp","href":"https:\/\/api.w.org\/{rel}","templated":true}]}}