{"id":1024,"date":"2021-07-10T22:30:43","date_gmt":"2021-07-11T01:30:43","guid":{"rendered":"https:\/\/editorapanaro.com.br\/site\/?page_id=1024"},"modified":"2021-07-10T22:34:52","modified_gmt":"2021-07-11T01:34:52","slug":"concursos","status":"publish","type":"page","link":"https:\/\/editorapanaro.com.br\/site\/concursos\/","title":{"rendered":"CONCURSOS"},"content":{"rendered":"<div id=\"pl-gb1024-69fb3eb0960bb\"  class=\"panel-layout\" ><div id=\"pg-gb1024-69fb3eb0960bb-0\"  class=\"panel-grid panel-no-style\" ><div id=\"pgc-gb1024-69fb3eb0960bb-0-0\"  class=\"panel-grid-cell\" ><div id=\"panel-gb1024-69fb3eb0960bb-0-0-0\" class=\"so-panel widget widget_themegrill_flash_blog tg-widget blog-section panel-first-child panel-last-child\" data-index=\"0\" >\n<div class=\"blog-wrapper tg-column-wrapper tg-blog-widget-layout-1\">\n\t\t\t<div class=\"row\">\n\t\t<div class=\"tg-blog-widget tg-column-2\">\n\t\t\t\t<div class=\"post-image image-none\">\n\t\t\t\t\t<\/div>\n\t\t<div class=\"blog-content\">\n\t\t\t<h3 class=\"entry-title\"><a href=\"https:\/\/editorapanaro.com.br\/site\/concursos\/conarte-2021\/\">Concurso Nacional de Literatura, Conarte 2021<\/a><\/h3>\n\t\t\t\t\t\t<div class=\"entry-meta\">\n\t\t\t\t<span class=\"entry-date\">\n\t\t\t\t\t<i class=\"fa fa-clock-o\"><\/i><a href=\"https:\/\/editorapanaro.com.br\/site\/concursos\/conarte-2021\/\" rel=\"bookmark\">10 de julho de 2021<\/a>\n\t\t\t\t<\/span>\n\t\t\t\t<span class=\"entry-author\">\n\t\t\t\t\t<i class=\"fa fa-user\"><\/i><a class=\"url fn n\" href=\"https:\/\/editorapanaro.com.br\/site\/author\/concursos\/\">Concursos Liter\u00e1rios<\/a>\n\t\t\t\t<\/span>\n\t\t\t<\/div>\n\t\t\t\t\t\t<div class=\"entry-summary\">\n\t\t\t\t<p>As inscri\u00e7\u00f5es ser\u00e3o realizadas exclusivamente pela internet, at\u00e9 o dia 18 de janeiro de 2022.<\/p>\n\t\t\t<\/div>\n\t\t\t\t\t<\/div>\n\t<\/div>\n\t<\/div><!-- .blog-wrapper -->\n<\/div><\/div><\/div><\/div>","protected":false},"excerpt":{"rendered":"","protected":false},"author":2,"featured_media":0,"parent":0,"menu_order":0,"comment_status":"closed","ping_status":"closed","template":"","meta":{"footnotes":""},"class_list":["post-1024","page","type-page","status-publish","hentry"],"_links":{"self":[{"href":"https:\/\/editorapanaro.com.br\/site\/wp-json\/wp\/v2\/pages\/1024","targetHints":{"allow":["GET"]}}],"collection":[{"href":"https:\/\/editorapanaro.com.br\/site\/wp-json\/wp\/v2\/pages"}],"about":[{"href":"https:\/\/editorapanaro.com.br\/site\/wp-json\/wp\/v2\/types\/page"}],"author":[{"embeddable":true,"href":"https:\/\/editorapanaro.com.br\/site\/wp-json\/wp\/v2\/users\/2"}],"replies":[{"embeddable":true,"href":"https:\/\/editorapanaro.com.br\/site\/wp-json\/wp\/v2\/comments?post=1024"}],"version-history":[{"count":3,"href":"https:\/\/editorapanaro.com.br\/site\/wp-json\/wp\/v2\/pages\/1024\/revisions"}],"predecessor-version":[{"id":1028,"href":"https:\/\/editorapanaro.com.br\/site\/wp-json\/wp\/v2\/pages\/1024\/revisions\/1028"}],"wp:attachment":[{"href":"https:\/\/editorapanaro.com.br\/site\/wp-json\/wp\/v2\/media?parent=1024"}],"curies":[{"name":"wp","href":"https:\/\/api.w.org\/{rel}","templated":true}]}}